{"id":2760,"date":"2025-02-05T14:42:56","date_gmt":"2025-02-05T13:42:56","guid":{"rendered":"https:\/\/deskmarket.dz\/boutique\/toner-exv-60-original\/"},"modified":"2025-02-05T14:42:57","modified_gmt":"2025-02-05T13:42:57","slug":"toner-exv-60-original","status":"publish","type":"product","link":"https:\/\/deskmarket.dz\/en\/boutique\/toner-exv-60-original\/","title":{"rendered":"Toner EXV-60 original"},"content":{"rendered":"","protected":false},"excerpt":{"rendered":"<p>Le rendement du toner est de 10200 pages imprim\u00e9es. Id\u00e9al pour l\u2019impression quotidienne \u00e0 la maison et au bureau de factures ou de documents et de tous les autres types de textes \u00e9crits. Ce toner garantit des r\u00e9sultats fantastiques , stables et durables.<br \/>\nCARACT\u00c9RISTIQUES:<br \/>\n\u2022 Consommable: Pour imprimante laser<br \/>\n\u2022 R\u00e9f\u00e9rence cartouche: Canon C-EXV 60<br \/>\n\u2022 Nombre de pages moyenne: Environ 10 200 pages avec une seule cartouche<br \/>\n\u2022 Couleur: Noir<br \/>\nCOMPATIBILITE:<\/p>\n","protected":false},"featured_media":2627,"comment_status":"open","ping_status":"closed","template":"","meta":{"_gspb_post_css":""},"store":[],"product_brand":[153],"product_cat":[162],"product_tag":[],"class_list":{"0":"post-2760","1":"product","2":"type-product","3":"status-publish","4":"has-post-thumbnail","6":"product_brand-canon","7":"product_cat-consemables","9":"first","10":"instock","11":"shipping-taxable","12":"purchasable","13":"product-type-simple"},"_links":{"self":[{"href":"https:\/\/deskmarket.dz\/en\/wp-json\/wp\/v2\/product\/2760","targetHints":{"allow":["GET"]}}],"collection":[{"href":"https:\/\/deskmarket.dz\/en\/wp-json\/wp\/v2\/product"}],"about":[{"href":"https:\/\/deskmarket.dz\/en\/wp-json\/wp\/v2\/types\/product"}],"replies":[{"embeddable":true,"href":"https:\/\/deskmarket.dz\/en\/wp-json\/wp\/v2\/comments?post=2760"}],"wp:featuredmedia":[{"embeddable":true,"href":"https:\/\/deskmarket.dz\/en\/wp-json\/wp\/v2\/media\/2627"}],"wp:attachment":[{"href":"https:\/\/deskmarket.dz\/en\/wp-json\/wp\/v2\/media?parent=2760"}],"wp:term":[{"taxonomy":"store","embeddable":true,"href":"https:\/\/deskmarket.dz\/en\/wp-json\/wp\/v2\/store?post=2760"},{"taxonomy":"product_brand","embeddable":true,"href":"https:\/\/deskmarket.dz\/en\/wp-json\/wp\/v2\/product_brand?post=2760"},{"taxonomy":"product_cat","embeddable":true,"href":"https:\/\/deskmarket.dz\/en\/wp-json\/wp\/v2\/product_cat?post=2760"},{"taxonomy":"product_tag","embeddable":true,"href":"https:\/\/deskmarket.dz\/en\/wp-json\/wp\/v2\/product_tag?post=2760"}],"curies":[{"name":"wp","href":"https:\/\/api.w.org\/{rel}","templated":true}]}}