{"id":2772,"date":"2025-02-05T14:42:58","date_gmt":"2025-02-05T13:42:58","guid":{"rendered":"https:\/\/deskmarket.dz\/boutique\/multifonction-maxify-gx-6040\/"},"modified":"2025-05-17T11:34:43","modified_gmt":"2025-05-17T10:34:43","slug":"multifonction-maxify-gx-6040","status":"publish","type":"product","link":"https:\/\/deskmarket.dz\/en\/boutique\/multifonction-maxify-gx-6040\/","title":{"rendered":"Multifonction MAXIFY GX-6040"},"content":{"rendered":"<p>Caract\u00e9ristiques g\u00e9n\u00e9rales<br \/>\nNum\u00e9ros de mod\u00e8le<br \/>\nMAXIFY GX6040<br \/>\nFonctions<br \/>\nWi-Fi, Ethernet, impression, copie, scan et Cloud<br \/>\nCaract\u00e9ristiques de l&#8217;imprimante<br \/>\nR\u00e9solution d&#8217;impression<br \/>\nJusqu&#8217;\u00e0 600 x 1200 ppp1<br \/>\nMarges d&#8217;impression (min.)<br \/>\nHaut : 3 mm, bas : 5 mm, gauche et droite : 3,4 mm<br \/>\nTechnologie d&#8217;impression<br \/>\n1 t\u00eate d&#8217;impression<br \/>\nImprimante \u00e0 r\u00e9servoirs d&#8217;encre rechargeables<br \/>\nVitesse d&#8217;impression en monochrome<br \/>\nEnv. 24 ipm2<br \/>\nVitesse d&#8217;impression en couleur<br \/>\nEnv. 15,5 ipm3<br \/>\nTemps de sortie de la premi\u00e8re impression<br \/>\nMonochrome : 7 s (pr\u00eat\/recto)4<br \/>\nCouleur : 8 s (pr\u00eat\/recto)5<br \/>\nImpression recto verso<br \/>\nImpression recto verso automatique (A4, Lettre &#8211; Papier ordinaire)<br \/>\nConsommables et rendements<br \/>\nBouteilles d&#8217;encre standard<br \/>\nGI-46 BK<br \/>\nGI-46 C<br \/>\nGI-46 M<br \/>\nGI-46 Y<br \/>\nCartouche d&#8217;entretien<br \/>\nMC-G01 (rempla\u00e7able par l&#8217;utilisateur)<br \/>\nRendement par bouteille (papier ordinaire)<br \/>\nImpression de documents A4 couleur6<br \/>\nNoir : 6000 pages (mode \u00e9conomique : 9000 pages)7<br \/>\nCouleur : 14.000 pages (mode \u00e9conomique : 21.000 pages)8<br \/>\n* Autonomie estim\u00e9e.<br \/>\nPapiers pris en charge<br \/>\nTypes de papiers<br \/>\nPapier ordinaire,<br \/>\nRed Label Superior 80 g\/m2 (WOP111),<br \/>\nPapier Canon Oce Office Colour 80 g\/m2 (SAT213)<br \/>\nPapier Photo Pro Lustr\u00e9 (LU-101),<br \/>\nPapier Photo Glac\u00e9 Extra II (PP-201)<br \/>\nPapier Photo Mat (MP-101),<br \/>\nPapier Photo Glac\u00e9 Standard (GP-501)<br \/>\nPapier Haute R\u00e9solution (HR-101N),<br \/>\nEnveloppe,<br \/>\nPapier Photo Satin\u00e9 (SG-201),<br \/>\nPapier Photo Repositionnable (RP-101)<br \/>\nPapier photo magn\u00e9tique (MG-101)<br \/>\nTransferts thermocollants pour tissu clair (LF-101),<br \/>\nPapier mate recto verso (MP-101D)<br \/>\nCapacit\u00e9 papier maximale en entr\u00e9e<br \/>\nBac arri\u00e8re : 100 feuilles max. (papier ordinaire)<br \/>\nCassette : 250 feuilles max. (papier ordinaire)<br \/>\nCAD : A4, A5, LTR :50 feuilles, LGL : 10 feuilles<br \/>\nFormats de papier<br \/>\nBac arri\u00e8re : A4, A5, A6, B5, LTR, LGL, 10 x 15 cm, 13 x 18 cm, 18 x 25 cm, 20 x 25 cm, Carr\u00e9 (127 mm x 127 mm), Enveloppes (DL, COM10), Format personnalis\u00e9 (largeur : 89 mm \u00e0 216 mm, longueur : 127 mm \u00e0 1200 mm)<br \/>\nCassette : A4, LTR, A5, B5<br \/>\nCAD : A4, A5, LTR, LGL<br \/>\nGrammages papier<br \/>\nBac arri\u00e8re : papier ordinaire 64 g\/m2 \u00e0 105 g\/m2 ou papiers Canon authentiques pris en charge<br \/>\nPapier Canon : grammage du papier max. environ 275 g\/m2<br \/>\nPapier Photo Glac\u00e9 Extra II (PP-201)<br \/>\nCassette : papier ordinaire : 64 g\/m2 \u00e0 105 g\/m2<br \/>\nCaract\u00e9ristiques de num\u00e9risation<br \/>\nType de scanner<br \/>\nScanner couleur \u00e0 plat avec capteur CIS (CAD \/ vitre)<br \/>\nVitesse de num\u00e9risation<br \/>\nRecto 16,9 ipm en couleur9<br \/>\nRecto 22,2 ipm en noir10<br \/>\nR\u00e9solution (optique) du scanner<br \/>\n1200 \u00d7 1200 ppp11<br \/>\nVitesse de num\u00e9risation lin\u00e9aire<br \/>\nCouleur : 1,4 ms\/ligne (300 ppp)<br \/>\nNiveaux de gris : 1,4 ms\/ligne (300 ppp)12<br \/>\nProfondeur de num\u00e9risation (entr\u00e9e\/sortie)<br \/>\nCouleur : RVB, 16 bits \/ 8 bits par canal<br \/>\nNiveaux de gris : 16 bits \/ 8 bits<br \/>\nTaille de document max.<br \/>\nPlateau : A4\/Lettre (216 \u00d7 297 mm)<br \/>\nCAD : A4\/Lettre\/L\u00e9gal (216 x 356 mm)<br \/>\nCaract\u00e9ristiques du copieur<br \/>\nVitesse de copie<br \/>\nsFCOT (couleur) : environ 12 s13<br \/>\nsESAT (couleur) : environ 12,7 ipm14<br \/>\nESAT\/CAD recto (couleur) : environ 12,2 ipm15<br \/>\nESAT\/CAD recto (noir) : environ 22,2 ipm16<br \/>\nQualit\u00e9 de copie<br \/>\n3 niveaux (mode \u00e9conomique, mode standard, mode qualit\u00e9 \u00e9lev\u00e9e)<br \/>\nR\u00e9glage de l&#8217;intensit\u00e9<br \/>\n9 niveaux (r\u00e9glage automatique disponible, copie AE)<br \/>\nCopies multiples<br \/>\n99 copies (max.)<br \/>\nFonctions de copie<br \/>\nCopie de documents, copie recto verso, copie recto verso manuelle avec CAD, copie 2 sur 1 et 4 sur 1, copie assembl\u00e9e (CAD uniquement), copie avec effacement du cadre (copie \u00e0 plat uniquement), copie de pi\u00e8ces d&#8217;identit\u00e9<br \/>\nZoom de copie<br \/>\n25 \u00e0 400 %<br \/>\nCopie ajust\u00e9e \u00e0 la page<br \/>\nA5 \u00e0 A4, B5 \u00e0 A4, A4 \u00e0 A5 et A4 \u00e0 B5<br \/>\nInterface<br \/>\nType et taille d&#8217;affichage<br \/>\n\u00c9cran LCD 2,7&#8243; \/ 6,9 cm (\u00e9cran tactile, couleur)<br \/>\nLangues de l&#8217;affichage<br \/>\n33 langues disponibles : allemand, anglais (mm et pouce), bulgare, chinois simplifi\u00e9, chinois traditionnel, cor\u00e9en, croate, danois, espagnol, estonien, finnois, fran\u00e7ais, grec, hongrois, indon\u00e9sien, italien, japonais, letton, lituanien, norv\u00e9gien, n\u00e9erlandais, polonais, portugais, roumain, russe, slovaque, slov\u00e8ne, su\u00e9dois, tch\u00e8que, tha\u00ef, turc, ukrainien, vietnamien<br \/>\nConnectivit\u00e9<br \/>\nInterface standard<br \/>\nUSB haute vitesse (port B)<br \/>\nEthernet : 10\/100 Mbit\/s (commutation auto)<br \/>\nWi-Fi IEEE802.11 b\/g\/a17<br \/>\nS\u00e9curit\u00e9 Wi-Fi : WPA-PSK, WPA2-PSK, WEP, mot de passe d&#8217;administration<br \/>\nBande de fr\u00e9quence LAN sans fil : 2,4 GHz, 5 GHz<br \/>\nApplications mobiles<br \/>\nApplication Canon PRINT Inkjet\/SELPHY18<br \/>\nApplication Easy-PhotoPrint Editor19<br \/>\nCaract\u00e9ristiques de l&#8217;imprimante<br \/>\nLogiciel Easy-PhotoPrint Editor20<br \/>\nPIXMA Cloud Link (impression)21<br \/>\nPlug-in Canon Print Service (Android)22<br \/>\nApple AirPrint23<br \/>\nApple AirPrint24<br \/>\nApple AirPrint25<br \/>\nSmart Assistant et prise en charge de l&#8217;automatisation<br \/>\nAmazon Alexa\u212226<br \/>\nGoogle Assistant\u212227<br \/>\nLogiciel<br \/>\nSyst\u00e8mes d&#8217;exploitation pris en charge<br \/>\nWindows 10, Windows 8.1, Windows 7 SP1<br \/>\nLe fonctionnement ne peut \u00eatre garanti que sur un ordinateur sur lequel Windows 7 ou version ult\u00e9rieure est pr\u00e9install\u00e9e.<br \/>\nPilote et outil IJ Printer Assistant uniquement : Windows Server 2008 R2 SP1, Windows Server 2012 R2, Windows Server 2016, Windows Server 2019<br \/>\nAffichage : XGA 1024 \u00d7 768 ou sup\u00e9rieur<br \/>\nMac : OS X 10.12.6 ~ macOS 10.15, macOS 11&gt; Syst\u00e8me d&#8217;exploitation Chrome<br \/>\nSyst\u00e8mes d&#8217;exploitation pour mobiles : iOS\u00ae, iPadOS, Android\u212228<br \/>\nConfiguration minimale requise<br \/>\nWindows : 1,5 Go ou plus<br \/>\nRemarque : pour l&#8217;installation des logiciels fournis. La quantit\u00e9 n\u00e9cessaire d&#8217;espace disque dur requis.<br \/>\nLogiciels inclus<br \/>\nPilote d&#8217;imprimante<br \/>\nOutil IJ Printer Assistant<br \/>\nEasy-PhotoPrint Editor (t\u00e9l\u00e9charger)<br \/>\nCaract\u00e9ristiques physiques<br \/>\nPoids<br \/>\nEnv. 11,6 kg<br \/>\nDimensions (L x P x H)<br \/>\nEnv. 399 \u00d7 410 \u00d7 254 mm (avec les bacs r\u00e9tract\u00e9s)<br \/>\nEnv. 399 x 645 x 327 mm (avec les bacs d\u00e9pli\u00e9s)<br \/>\nNiveaux sonores<br \/>\nEnv. 49 dB (A)29<br \/>\nEnvironnement d&#8217;utilisation recommand\u00e9<br \/>\n5 \u00e0 35 \u00b0C 10 \u00e0 90 % d&#8217;humidit\u00e9 relative (sans condensation)<br \/>\nAlimentation<br \/>\nCourant alternatif : 100 \u00e0 240 V, 50\/60 Hz<br \/>\nVolume d&#8217;impression<br \/>\nJusqu&#8217;\u00e0 45.000 pages<br \/>\nConsommation<br \/>\nHors tension : environ 0,2 W<br \/>\nMode veille (connexion USB au PC) : environ 0,9 W<br \/>\nMode veille (tous les ports connect\u00e9s) : environ 1,6 W<br \/>\nD\u00e9lai de passage en mode de veille : 5 minutes et 4 secondes<br \/>\nCopie : environ 21 W 30<br \/>\n*Le temps d&#8217;attente pour le passage en mode veille ne peut pas \u00eatre modifi\u00e9 (Lot26)<br \/>\nConsommation typique d&#8217;\u00e9lectricit\u00e9<br \/>\n0,14 kWh31<\/p>\n","protected":false},"excerpt":{"rendered":"<p>Produisez rapidement des documents de qualit\u00e9 professionnelle, tout en \u00e9conomisant en moyenne 90 % sur votre co\u00fbt total de possession par rapport aux 10 imprimantes laser et jet d&#8217;encre les plus vendues4, gr\u00e2ce \u00e0 ces imprimantes MegaTank rechargeables, fiables et capables de traiter d&#8217;importants volumes.<\/p>\n","protected":false},"featured_media":2674,"comment_status":"open","ping_status":"closed","template":"","meta":{"_gspb_post_css":""},"store":[],"product_brand":[153],"product_cat":[163],"product_tag":[],"class_list":{"0":"post-2772","1":"product","2":"type-product","3":"status-publish","4":"has-post-thumbnail","6":"product_brand-canon","7":"product_cat-photocopieurs","9":"first","10":"outofstock","11":"featured","12":"shipping-taxable","13":"purchasable","14":"product-type-simple"},"_links":{"self":[{"href":"https:\/\/deskmarket.dz\/en\/wp-json\/wp\/v2\/product\/2772","targetHints":{"allow":["GET"]}}],"collection":[{"href":"https:\/\/deskmarket.dz\/en\/wp-json\/wp\/v2\/product"}],"about":[{"href":"https:\/\/deskmarket.dz\/en\/wp-json\/wp\/v2\/types\/product"}],"replies":[{"embeddable":true,"href":"https:\/\/deskmarket.dz\/en\/wp-json\/wp\/v2\/comments?post=2772"}],"wp:featuredmedia":[{"embeddable":true,"href":"https:\/\/deskmarket.dz\/en\/wp-json\/wp\/v2\/media\/2674"}],"wp:attachment":[{"href":"https:\/\/deskmarket.dz\/en\/wp-json\/wp\/v2\/media?parent=2772"}],"wp:term":[{"taxonomy":"store","embeddable":true,"href":"https:\/\/deskmarket.dz\/en\/wp-json\/wp\/v2\/store?post=2772"},{"taxonomy":"product_brand","embeddable":true,"href":"https:\/\/deskmarket.dz\/en\/wp-json\/wp\/v2\/product_brand?post=2772"},{"taxonomy":"product_cat","embeddable":true,"href":"https:\/\/deskmarket.dz\/en\/wp-json\/wp\/v2\/product_cat?post=2772"},{"taxonomy":"product_tag","embeddable":true,"href":"https:\/\/deskmarket.dz\/en\/wp-json\/wp\/v2\/product_tag?post=2772"}],"curies":[{"name":"wp","href":"https:\/\/api.w.org\/{rel}","templated":true}]}}