{"id":2778,"date":"2025-02-05T14:42:59","date_gmt":"2025-02-05T13:42:59","guid":{"rendered":"https:\/\/deskmarket.dz\/boutique\/multifonction-pixma-g2410\/"},"modified":"2026-03-09T09:42:18","modified_gmt":"2026-03-09T08:42:18","slug":"multifonction-pixma-g2410","status":"publish","type":"product","link":"https:\/\/deskmarket.dz\/en\/boutique\/multifonction-pixma-g2410\/","title":{"rendered":"Multifonction PIXMA G2410"},"content":{"rendered":"<p>Caract\u00e9ristiques d\u00e9taill\u00e9es<br \/>\nCaract\u00e9ristiques g\u00e9n\u00e9rales<br \/>\nFonctions<br \/>\nImpression, copie et num\u00e9risation<br \/>\nCaract\u00e9ristiques de l&#8217;imprimante<br \/>\nR\u00e9solution d&#8217;impression<br \/>\nJusqu&#8217;\u00e0 48001 \u00d7 1200 ppp<br \/>\nTechnologie d&#8217;impression<br \/>\n2 cartouches FINE (noir et couleur)<br \/>\nImprimante \u00e0 r\u00e9servoirs d&#8217;encre rechargeables<br \/>\nVitesse d&#8217;impression en monochrome<br \/>\nEnviron 8,8 ipm2<br \/>\nVitesse d&#8217;impression en couleur<br \/>\nEnviron 5 ipm3<br \/>\nVitesse d&#8217;impression photo<br \/>\n10 \u00d7 15 cm sans marge : environ 60 secondes4<br \/>\nImpression sans bordure<br \/>\nOui (A4, Lettre, 20 \u00d7 25 cm, 13 \u00d7 18 cm, 13 \u00d7 13 cm,10 \u00d7 15 cm)<br \/>\nCartouches et autonomie<br \/>\nCartouches d&#8217;encre standard<br \/>\nGI-490 GI-490<br \/>\nGI-490<br \/>\nGI-490<br \/>\nAutonomie de la cartouche (papier ordinaire)<br \/>\nImpression de documents A4 couleur5<br \/>\nNoir : 6000 pages*<br \/>\nCouleur : 7000 pages*<br \/>\n* Autonomie suppl\u00e9mentaire estim\u00e9e.<br \/>\nAutonomie de la cartouche (photo)<br \/>\nImpression de photos couleur 10 \u00d7 15 cm6<br \/>\nCouleur : 2000 photos*<br \/>\n* Autonomie suppl\u00e9mentaire estim\u00e9e.<br \/>\nPapiers pris en charge<br \/>\nTypes de papiers<br \/>\nPapier ordinaire<br \/>\nPapier Haute R\u00e9solution (HR-101N)<br \/>\nPapier Photo Glac\u00e9 Extra II (PP-201)<br \/>\nPapier Photo Pro Lustr\u00e9 (LU-101)<br \/>\nPapier Photo Satin\u00e9 (SG-201)<br \/>\nPapier Photo Glac\u00e9 \u00ab usage quotidien \u00bb (GP-501)<br \/>\nPapier Mat \u00e0 Fort Grammage (MP-101)<br \/>\nEnveloppe<br \/>\nCapacit\u00e9 papier maximale en entr\u00e9e<br \/>\nBac arri\u00e8re : max. 100 feuilles (papier ordinaire)<br \/>\nFormats de papier<br \/>\nA4, A5, B5, 10 \u00d7 15 cm, 13 \u00d7 18 cm, 20 \u00d7 25 cm, Enveloppes (DL, COM10), Lettre, L\u00e9gal<br \/>\nGrammages papier<br \/>\nPapier ordinaire : 64 \u00e0 105 g\/m\u00b2<br \/>\nPapier photo Canon : jusqu&#8217;\u00e0 275 g\/m\u00b2<br \/>\nCaract\u00e9ristiques de num\u00e9risation<br \/>\nType de scanner<br \/>\nScanner de photos et documents \u00e0 plat avec capteur CIS<br \/>\nVitesse de num\u00e9risation<br \/>\nEnviron 19 s7<br \/>\nR\u00e9solution (optique) du scanner<br \/>\n600 x 1200 ppp8<br \/>\nProfondeur de num\u00e9risation (entr\u00e9e\/sortie)<br \/>\nCouleur : 48 bits \/ 24 bits<br \/>\nNiveaux de gris : 16 bits \/8 bits<br \/>\nTaille de document max.<br \/>\n216 \u00d7 297 mm<br \/>\nCaract\u00e9ristiques du copieur<br \/>\nVitesse de copie<br \/>\nPremi\u00e8re copie (sFCOT) : environ 32 s9<br \/>\nVitesse sESAT : environ 1,7 ipm10<br \/>\nCopies multiples<br \/>\n20 copies (max.)<br \/>\nFonctions de copie<br \/>\nCopie de documents (papier ordinaire)<br \/>\nZoom de copie<br \/>\nCopie ajust\u00e9e \u00e0 la page<br \/>\nInterface<br \/>\nType et taille d&#8217;affichage<br \/>\n\u00c9cran LCD (mono segment 1,2 pouces)<br \/>\nConnectivit\u00e9<br \/>\nInterface standard<br \/>\nUSB Haute-vitesse (Port B)<br \/>\nLogiciel<br \/>\nSyst\u00e8mes d&#8217;exploitation pris en charge<br \/>\nWindows 10, Windows 8.1, Windows 7 SP1<br \/>\n.NET Framework 4.5.2 ou 4.6 est requis<br \/>\nConfiguration minimale requise<br \/>\nWindows : espace disque de 3,1 Go, Internet Explorer 8<br \/>\nAffichage : XGA 1024 \u00d7 768<br \/>\nLogiciels inclus<br \/>\nMP Driver incluant l&#8217;utilitaire de num\u00e9risation Scanning Utility<br \/>\nMy Image Garden avec Full HD Movie Print11<br \/>\nQuick Menu<br \/>\nEasy-WebPrint EX (\u00e0 t\u00e9l\u00e9charger)12<br \/>\nCaract\u00e9ristiques physiques<br \/>\nPoids<br \/>\nEnviron 6,3 kg<br \/>\nDimensions (L x P x H)<br \/>\nEnviron 445 \u00d7 330 \u00d7 163 mm<br \/>\nNiveaux sonores<br \/>\nEnviron 53,5 dB(A)13<br \/>\nAlimentation<br \/>\nCourant alternatif : 100 \u00e0 240 V, 50 \/ 60 Hz<br \/>\nConsommation<br \/>\nHors tension : environ 0,2 W<br \/>\nMode veille (reli\u00e9 \u00e0 l&#8217;ordinateur en USB) : environ 0,6 W (lampe de num\u00e9risation \u00e9teinte)<br \/>\nMode veille (tous les ports connect\u00e9s) : environ 0,6 W (lampe de num\u00e9risation \u00e9teinte)<br \/>\nD\u00e9lai de passage en mode de veille : 10 min 48 s<br \/>\nCopie : environ 9 W14<\/p>\n","protected":false},"excerpt":{"rendered":"<p>Efficace et polyvalente, cette imprimante multifonction \u00e9quip\u00e9e de bouteilles d&#8217;encre haut rendement \u00e0 faible co\u00fbt offre des fonctions d&#8217;impression, de copie et de num\u00e9risation de qualit\u00e9 de vos documents et photos. Sa fiabilit\u00e9 lui permet en outre de g\u00e9rer des volumes de pages \u00e9lev\u00e9s en toute simplicit\u00e9.<\/p>\n","protected":false},"featured_media":2636,"comment_status":"open","ping_status":"closed","template":"","meta":{"_gspb_post_css":""},"store":[],"product_brand":[153],"product_cat":[138,164],"product_tag":[],"class_list":{"0":"post-2778","1":"product","2":"type-product","3":"status-publish","4":"has-post-thumbnail","6":"product_brand-canon","7":"product_cat-imprimantes","8":"product_cat-multifonction","10":"first","11":"instock","12":"shipping-taxable","13":"purchasable","14":"product-type-simple"},"_links":{"self":[{"href":"https:\/\/deskmarket.dz\/en\/wp-json\/wp\/v2\/product\/2778","targetHints":{"allow":["GET"]}}],"collection":[{"href":"https:\/\/deskmarket.dz\/en\/wp-json\/wp\/v2\/product"}],"about":[{"href":"https:\/\/deskmarket.dz\/en\/wp-json\/wp\/v2\/types\/product"}],"replies":[{"embeddable":true,"href":"https:\/\/deskmarket.dz\/en\/wp-json\/wp\/v2\/comments?post=2778"}],"wp:featuredmedia":[{"embeddable":true,"href":"https:\/\/deskmarket.dz\/en\/wp-json\/wp\/v2\/media\/2636"}],"wp:attachment":[{"href":"https:\/\/deskmarket.dz\/en\/wp-json\/wp\/v2\/media?parent=2778"}],"wp:term":[{"taxonomy":"store","embeddable":true,"href":"https:\/\/deskmarket.dz\/en\/wp-json\/wp\/v2\/store?post=2778"},{"taxonomy":"product_brand","embeddable":true,"href":"https:\/\/deskmarket.dz\/en\/wp-json\/wp\/v2\/product_brand?post=2778"},{"taxonomy":"product_cat","embeddable":true,"href":"https:\/\/deskmarket.dz\/en\/wp-json\/wp\/v2\/product_cat?post=2778"},{"taxonomy":"product_tag","embeddable":true,"href":"https:\/\/deskmarket.dz\/en\/wp-json\/wp\/v2\/product_tag?post=2778"}],"curies":[{"name":"wp","href":"https:\/\/api.w.org\/{rel}","templated":true}]}}