{"id":2781,"date":"2025-02-05T14:42:59","date_gmt":"2025-02-05T13:42:59","guid":{"rendered":"https:\/\/deskmarket.dz\/boutique\/multifonction-i-sensys-mf3010\/"},"modified":"2026-03-09T09:53:07","modified_gmt":"2026-03-09T08:53:07","slug":"multifonction-i-sensys-mf3010","status":"publish","type":"product","link":"https:\/\/deskmarket.dz\/en\/boutique\/multifonction-i-sensys-mf3010\/","title":{"rendered":"Multifonction i-SENSYS MF3010"},"content":{"rendered":"<p>Caract\u00e9ristiques d\u00e9taill\u00e9es<br \/>\nSp\u00e9cifications d&#8217;impression<br \/>\nVitesse d&#8217;impression<br \/>\nJusqu&#8217;\u00e0 18 ppm (A4)<br \/>\nM\u00e9thode d&#8217;impression<br \/>\nImpression monochrome par syst\u00e8me \u00e0 faisceau laser<br \/>\nQualit\u00e9 d&#8217;impression<br \/>\nJusqu&#8217;\u00e0 1200 \u00d7 600 ppp avec la fonction de lissage automatique de l&#8217;image<br \/>\nR\u00e9solution d&#8217;impression<br \/>\n600 \u00d7 400 ppp<br \/>\nTemps de pr\u00e9chauffage<br \/>\n10 secondes environ depuis la mise sous tension<br \/>\nTemps de sortie de la premi\u00e8re impression<br \/>\n7,8 s<br \/>\nLangages d&#8217;impression<br \/>\nUFRII-LT<br \/>\nMarges d&#8217;impression<br \/>\n5 mm haut, 6 mm bas ; 5 mm gauche et droite<br \/>\nMode d&#8217;\u00e9conomie d&#8217;encre<br \/>\nOui<br \/>\nSp\u00e9cifications de copie<br \/>\nVitesse de copie<br \/>\nJusqu&#8217;\u00e0 18 ppm (A4)<br \/>\nTemps de sortie de la premi\u00e8re copie<br \/>\nEnv. 12 secondes maximum<br \/>\nR\u00e9solution de copie<br \/>\nJusqu&#8217;\u00e0 600 \u00d7 600 ppp<br \/>\nModes de copie<br \/>\nTexte, Texte\/Photo, Texte\/Photo+, Photo<br \/>\nCopies multiples<br \/>\nJusqu&#8217;\u00e0 9 copies<br \/>\nR\u00e9duction \/ Agrandissement<br \/>\n50 \u00e0 200 % par incr\u00e9ments de 10 %<br \/>\nAutres caract\u00e9ristiques<br \/>\n2 en 1, copie de cartes d&#8217;identit\u00e9<br \/>\nSp\u00e9cifications de num\u00e9risation<br \/>\nType standard<br \/>\nCouleur<br \/>\nR\u00e9solution de num\u00e9risation<br \/>\nOptique : jusqu&#8217;\u00e0 600 \u00d7 600 ppp<br \/>\nAm\u00e9lior\u00e9e : jusqu&#8217;\u00e0 9600 \u00d7 9600 ppp<br \/>\nProfondeur de num\u00e9risation de couleur<br \/>\n24 bits\/24 bits (entr\u00e9e\/sortie)<br \/>\nNiveaux de gris<br \/>\n256 niveaux<br \/>\nCompatibilit\u00e9<br \/>\nTWAIN, WIA<br \/>\nLargeur maximale de la num\u00e9risation<br \/>\n216 mm<br \/>\nGestion des supports<br \/>\nType de scanner<br \/>\nNum\u00e9risation \u00e0 plat<br \/>\nChargeur papier (standard)<br \/>\nBac de 150 feuilles<br \/>\nSortie papier<br \/>\n100 feuilles<br \/>\nTypes de m\u00e9dia<br \/>\nPapier ordinaire, papier \u00e9pais, papier recycl\u00e9, transparent,<br \/>\n\u00e9tiquettes, enveloppes<br \/>\nFormats de support<br \/>\nBac :<br \/>\nA4, B5, A5, Executive, enveloppes (COM10, Monarch, DL,<br \/>\nB5, C5), LTR, LGL, Statement, formats personnalis\u00e9s : largeur 76 \u00d7<br \/>\n216 mm ;<br \/>\nlongueur 127 \u00d7 356 mm.<br \/>\nGrammages de supports<br \/>\nBac : 60 \u00e0 163 g\/m\u00b2<br \/>\nInterface et logiciels<br \/>\nType d&#8217;interface<br \/>\nUSB 2.0 Haute Vitesse<br \/>\nCompatibilit\u00e9 avec syst\u00e8mes d&#8217;exploitation<br \/>\nWindows\u00ae 11 \/ Windows\u00ae 10 \/ Windows\u00ae 8.1 \/<br \/>\nServer\u00ae 2022 \/ Server\u00ae 2019 \/ Server\u00ae 2016 \/<br \/>\nServer\u00ae 2012 R2 \/ Server\u00ae 2012 \/ Server\u00ae 2008 R2 \/<br \/>\nServer\u00ae 2008<br \/>\nMac OS X version 10.4.9 &#8211; 10.7.x 1 Linux 2<br \/>\nGestion du logiciel et de l&#8217;imprimante<br \/>\nPresto! Page Manager, MF Toolbox<br \/>\nCaract\u00e9ristiques g\u00e9n\u00e9rales<br \/>\nVolume d&#8217;impression<br \/>\n8000 pages par mois maximum<br \/>\nM\u00e9moire<br \/>\n64 Mo<br \/>\nPanneau de configuration<br \/>\nDEL \u00e0 1 chiffre<br \/>\nDimensions avec bacs (L \u00d7 P \u00d7 H)<br \/>\n372 \u00d7 276 \u00d7 254 mm<br \/>\nEspace requis pour l&#8217;installation (L \u00d7 P \u00d7 H)<br \/>\n572 \u00d7 632 \u00d7 608 mm<br \/>\nGrammage<br \/>\n8,2 kg<br \/>\nEnvironnement d&#8217;utilisation<br \/>\nTemp\u00e9rature : 10 \u00e0 30 \u00baC (50 \u00e0 86 \u00baF) ; humidit\u00e9 relative : 20 \u00e0<br \/>\n80 % (sans condensation)<br \/>\nAlimentation<br \/>\n220-240 V (\u00b110 %), 50\/60 Hz (\u00b12 Hz)<br \/>\nConsommation<br \/>\nMaximum : environ 960 W<br \/>\nEn fonctionnement : environ 450 W<br \/>\nMode veille : environ 1,4 W<br \/>\nConsommation \u00e9lectrique typique : 0,6 kWh<br \/>\nNiveaux de bruit<br \/>\nPuissance sonore<br \/>\nEn fonctionnement : 65,3 dB maximum<br \/>\nEn attente : 43 dB maximum<br \/>\nPression sonore<br \/>\nEn fonctionnement : 50,4 dB<br \/>\nEn veille : inaudible<br \/>\nConsommables<br \/>\nCartouches<br \/>\nCartouche 725 (1600 pages1)2<\/p>\n","protected":false},"excerpt":{"rendered":"<p>Effectuez des impressions, des copies et des num\u00e9risations rapides comme bon vous semble, directement depuis votre bureau, avec cette imprimante laser noir et blanc compacte. Id\u00e9ale pour les particuliers et les bureaux de petite taille, elle est simple \u00e0 utiliser et \u00e9conome en \u00e9nergie.<\/p>\n","protected":false},"featured_media":2715,"comment_status":"open","ping_status":"closed","template":"","meta":{"_gspb_post_css":""},"store":[],"product_brand":[153],"product_cat":[138,164],"product_tag":[],"class_list":{"0":"post-2781","1":"product","2":"type-product","3":"status-publish","4":"has-post-thumbnail","6":"product_brand-canon","7":"product_cat-imprimantes","8":"product_cat-multifonction","10":"first","11":"outofstock","12":"shipping-taxable","13":"purchasable","14":"product-type-simple"},"_links":{"self":[{"href":"https:\/\/deskmarket.dz\/en\/wp-json\/wp\/v2\/product\/2781","targetHints":{"allow":["GET"]}}],"collection":[{"href":"https:\/\/deskmarket.dz\/en\/wp-json\/wp\/v2\/product"}],"about":[{"href":"https:\/\/deskmarket.dz\/en\/wp-json\/wp\/v2\/types\/product"}],"replies":[{"embeddable":true,"href":"https:\/\/deskmarket.dz\/en\/wp-json\/wp\/v2\/comments?post=2781"}],"wp:featuredmedia":[{"embeddable":true,"href":"https:\/\/deskmarket.dz\/en\/wp-json\/wp\/v2\/media\/2715"}],"wp:attachment":[{"href":"https:\/\/deskmarket.dz\/en\/wp-json\/wp\/v2\/media?parent=2781"}],"wp:term":[{"taxonomy":"store","embeddable":true,"href":"https:\/\/deskmarket.dz\/en\/wp-json\/wp\/v2\/store?post=2781"},{"taxonomy":"product_brand","embeddable":true,"href":"https:\/\/deskmarket.dz\/en\/wp-json\/wp\/v2\/product_brand?post=2781"},{"taxonomy":"product_cat","embeddable":true,"href":"https:\/\/deskmarket.dz\/en\/wp-json\/wp\/v2\/product_cat?post=2781"},{"taxonomy":"product_tag","embeddable":true,"href":"https:\/\/deskmarket.dz\/en\/wp-json\/wp\/v2\/product_tag?post=2781"}],"curies":[{"name":"wp","href":"https:\/\/api.w.org\/{rel}","templated":true}]}}