{"id":2783,"date":"2025-02-05T14:43:00","date_gmt":"2025-02-05T13:43:00","guid":{"rendered":"https:\/\/deskmarket.dz\/boutique\/scanner-a-plats-canoscan-lide-400\/"},"modified":"2025-05-17T11:49:20","modified_gmt":"2025-05-17T10:49:20","slug":"scanner-a-plats-canoscan-lide-400","status":"publish","type":"product","link":"https:\/\/deskmarket.dz\/en\/boutique\/scanner-a-plats-canoscan-lide-400\/","title":{"rendered":"Scanner a plats CanoScan LiDE 400"},"content":{"rendered":"<p>Caract\u00e9ristiques d\u00e9taill\u00e9es<br \/>\nCaract\u00e9ristiques techniques<br \/>\nType<br \/>\nScanner \u00e0 plat<br \/>\nNum\u00e9riseur<br \/>\nCIS<br \/>\nSource lumineuse<br \/>\nDiode 3 couleurs (RVB)<br \/>\nR\u00e9solution optique<br \/>\n4800 \u00d7 4800 ppp1<br \/>\nR\u00e9solution s\u00e9lectionnable<br \/>\n25 \u00e0 19.200 ppp2<br \/>\nInterface<br \/>\nUSB de type C (Compatible USB 3.0 et 2.0)<br \/>\nNuances de couleurs (couleur)<br \/>\n48 bits en entr\u00e9e -&gt; 48\/24 bits en sortie<br \/>\nNuances de couleurs (niveaux de gris)<br \/>\n16 bits en entr\u00e9e -&gt; 8 bits en sortie<br \/>\nTaille de document max.<br \/>\nA4 \/ Lettre [216 \u00d7 297 mm]<br \/>\nTouches EZ-Scan<br \/>\n5 boutons (PDF \u00d7 2, AUTOSCAN [Num\u00e9risation automatique], COPY [Copie], SEND [Envoyer])<br \/>\nVitesse de num.<br \/>\n(couleur)<br \/>\n(R\u00e9fl\u00e9chissant)<br \/>\n25,4 ms\/ligne (4800 ppp)<br \/>\n14,8 ms\/ligne (2400 ppp)<br \/>\n6,6 ms\/ligne (1200 ppp)<br \/>\n3,8 ms\/ligne (600 ppp)<br \/>\n1,7 ms\/ligne (300 ppp)3<br \/>\n(niveaux de gris, noir et blanc)<br \/>\n(R\u00e9fl\u00e9chissant\uff09<br \/>\n8,2 ms\/ligne (4800 ppp)<br \/>\n4,3 ms\/ligne (2400 ppp)<br \/>\n2,2 ms\/ligne (1200 ppp)<br \/>\n1,3 ms\/ligne (600 ppp)<br \/>\n1,7 ms\/ligne (300 ppp)4<br \/>\nVitesse de num\u00e9risation (A4, 300 ppp, couleur)<br \/>\nEnv. 8 s5<br \/>\nVitesse de num\u00e9risation (10 \u00d7 15 cm, 300 ppp, couleur)<br \/>\nEnv. 4 s6<br \/>\nVitesse de pr\u00e9visualisation<br \/>\nEnv. 7 s7<br \/>\nLogiciels inclus<br \/>\nScan Gear pour Windows<br \/>\nScan Utility pour Windows<br \/>\nAlimentation \u00e9lectrique<br \/>\nPar port USB<br \/>\nConsommation<br \/>\nenv. 4,5 W (en fonctionnement, au maximum)<br \/>\nenv. 0,3 W (en veille)<br \/>\nDimensions<br \/>\n250 \u00d7 367 \u00d7 42 mm<br \/>\nPoids<br \/>\n1,7 kg<br \/>\nTemp\u00e9ratures de fonctionnement<br \/>\n5 \u00e0 35 \u00b0C<br \/>\nPlage d&#8217;humidit\u00e9 de fonctionnement<br \/>\n10 \u00e0 90 % d&#8217;humidit\u00e9 relative sans condensation<br \/>\nSyst\u00e8mes d&#8217;exploitation pris en charge<br \/>\nWindows 10, Windows 8.1, Windows 7 SP189<br \/>\nLe fonctionnement ne peut \u00eatre garanti que sur un ordinateur sur lequel Windows 7 ou version ult\u00e9rieure est pr\u00e9install\u00e9e. OS X 10.11.6, macOS 10.12 \u00e0 macOS 10.15, macOS 11 *<br \/>\nConfiguration syst\u00e8me minimale requise<br \/>\nAffichage : XGA 1024 \u00d7 768<\/p>\n","protected":false},"excerpt":{"rendered":"<p>Optez pour ce scanner \u00e0 plat de haute qualit\u00e9 dot\u00e9 de fonctionnalit\u00e9s de haute r\u00e9solution et de vitesse am\u00e9lior\u00e9es, et r\u00e9alisez d&#8217;importantes \u00e9conomies d&#8217;espace, de puissance et de temps. Son design \u00e9l\u00e9gant et compact, son socle vertical et sa connexion USB-C conviennent parfaitement \u00e0 une utilisation \u00e0 domicile comme au bureau.<\/p>\n","protected":false},"featured_media":2707,"comment_status":"open","ping_status":"closed","template":"","meta":{"_gspb_post_css":""},"store":[],"product_brand":[153],"product_cat":[146],"product_tag":[],"class_list":{"0":"post-2783","1":"product","2":"type-product","3":"status-publish","4":"has-post-thumbnail","6":"product_brand-canon","7":"product_cat-scanners","9":"first","10":"outofstock","11":"shipping-taxable","12":"purchasable","13":"product-type-simple"},"_links":{"self":[{"href":"https:\/\/deskmarket.dz\/en\/wp-json\/wp\/v2\/product\/2783","targetHints":{"allow":["GET"]}}],"collection":[{"href":"https:\/\/deskmarket.dz\/en\/wp-json\/wp\/v2\/product"}],"about":[{"href":"https:\/\/deskmarket.dz\/en\/wp-json\/wp\/v2\/types\/product"}],"replies":[{"embeddable":true,"href":"https:\/\/deskmarket.dz\/en\/wp-json\/wp\/v2\/comments?post=2783"}],"wp:featuredmedia":[{"embeddable":true,"href":"https:\/\/deskmarket.dz\/en\/wp-json\/wp\/v2\/media\/2707"}],"wp:attachment":[{"href":"https:\/\/deskmarket.dz\/en\/wp-json\/wp\/v2\/media?parent=2783"}],"wp:term":[{"taxonomy":"store","embeddable":true,"href":"https:\/\/deskmarket.dz\/en\/wp-json\/wp\/v2\/store?post=2783"},{"taxonomy":"product_brand","embeddable":true,"href":"https:\/\/deskmarket.dz\/en\/wp-json\/wp\/v2\/product_brand?post=2783"},{"taxonomy":"product_cat","embeddable":true,"href":"https:\/\/deskmarket.dz\/en\/wp-json\/wp\/v2\/product_cat?post=2783"},{"taxonomy":"product_tag","embeddable":true,"href":"https:\/\/deskmarket.dz\/en\/wp-json\/wp\/v2\/product_tag?post=2783"}],"curies":[{"name":"wp","href":"https:\/\/api.w.org\/{rel}","templated":true}]}}