{"id":2790,"date":"2025-02-05T14:43:01","date_gmt":"2025-02-05T13:43:01","guid":{"rendered":"https:\/\/deskmarket.dz\/?post_type=product&#038;p=2790"},"modified":"2025-05-25T12:11:19","modified_gmt":"2025-05-25T11:11:19","slug":"flash-disk-sandisk","status":"publish","type":"product","link":"https:\/\/deskmarket.dz\/en\/boutique\/flash-disk-sandisk\/","title":{"rendered":"Flash disk SanDisk"},"content":{"rendered":"","protected":false},"excerpt":{"rendered":"<p>La cl\u00e9 usb SanDisk Flash Drive 2.0 est une solution de stockage USB compacte et fiable, parfaite pour une utilisation quotidienne.<br \/>\nCaract\u00e9ristiques principales\u00a0:<br \/>\nInterface USB 2.0\u00a0: compatible avec la plupart des appareils pour des transferts de fichiers rapides.<br \/>\nCapacit\u00e9 de stockage\u00a0: disponible en diff\u00e9rentes tailles pour r\u00e9pondre \u00e0 vos besoins.<br \/>\nConception portable\u00a0: l\u00e9g\u00e8re et facile \u00e0 transporter.<br \/>\nDurable\u00a0: con\u00e7ue pour r\u00e9sister \u00e0 l&#8217;usure quotidienne.<br \/>\nId\u00e9ale pour transf\u00e9rer et stocker des fichiers, des photos, des vid\u00e9os et bien plus encore en d\u00e9placement.<\/p>\n","protected":false},"featured_media":2535,"comment_status":"open","ping_status":"closed","template":"","meta":{"_gspb_post_css":""},"store":[],"product_brand":[179],"product_cat":[147],"product_tag":[],"class_list":{"0":"post-2790","1":"product","2":"type-product","3":"status-publish","4":"has-post-thumbnail","6":"product_brand-sandisk","7":"product_cat-accessoires","9":"first","10":"outofstock","11":"shipping-taxable","12":"product-type-variable"},"_links":{"self":[{"href":"https:\/\/deskmarket.dz\/en\/wp-json\/wp\/v2\/product\/2790","targetHints":{"allow":["GET"]}}],"collection":[{"href":"https:\/\/deskmarket.dz\/en\/wp-json\/wp\/v2\/product"}],"about":[{"href":"https:\/\/deskmarket.dz\/en\/wp-json\/wp\/v2\/types\/product"}],"replies":[{"embeddable":true,"href":"https:\/\/deskmarket.dz\/en\/wp-json\/wp\/v2\/comments?post=2790"}],"wp:featuredmedia":[{"embeddable":true,"href":"https:\/\/deskmarket.dz\/en\/wp-json\/wp\/v2\/media\/2535"}],"wp:attachment":[{"href":"https:\/\/deskmarket.dz\/en\/wp-json\/wp\/v2\/media?parent=2790"}],"wp:term":[{"taxonomy":"store","embeddable":true,"href":"https:\/\/deskmarket.dz\/en\/wp-json\/wp\/v2\/store?post=2790"},{"taxonomy":"product_brand","embeddable":true,"href":"https:\/\/deskmarket.dz\/en\/wp-json\/wp\/v2\/product_brand?post=2790"},{"taxonomy":"product_cat","embeddable":true,"href":"https:\/\/deskmarket.dz\/en\/wp-json\/wp\/v2\/product_cat?post=2790"},{"taxonomy":"product_tag","embeddable":true,"href":"https:\/\/deskmarket.dz\/en\/wp-json\/wp\/v2\/product_tag?post=2790"}],"curies":[{"name":"wp","href":"https:\/\/api.w.org\/{rel}","templated":true}]}}