{"id":2808,"date":"2025-02-05T14:43:03","date_gmt":"2025-02-05T13:43:03","guid":{"rendered":"https:\/\/deskmarket.dz\/boutique\/telecommande-de-presentaion-r500-original\/"},"modified":"2026-03-09T10:19:28","modified_gmt":"2026-03-09T09:19:28","slug":"telecommande-de-presentaion-r500-original","status":"publish","type":"product","link":"https:\/\/deskmarket.dz\/en\/boutique\/telecommande-de-presentaion-r500-original\/","title":{"rendered":"T\u00e9l\u00e9commande de pr\u00e9sentaion R500 original"},"content":{"rendered":"<p>\u00c0 propos de cet article<br \/>\nCompatibilit\u00e9 Universelle: Le pointeur laser sans fil R500 est optimis\u00e9 pour \u00eatre compatible avec Windows, macOS, iOS, Android et tous les principaux logiciels de pr\u00e9sentation y compris PowerPoint, Keynote, PDF, Google Slides et Prezi<br \/>\nPort\u00e9e de Fonctionnement sans Fil de 20 M\u00e8tres: D\u00e9placez-vous et faites votre pr\u00e9sentation librement sur un rayon de 20 m\u00e8tres gr\u00e2ce \u00e0 un puissant r\u00e9cepteur sans fil. Une solution id\u00e9ale pour les salles moyennes \u00e0 grandes. La port\u00e9e d\u00e9pend de l&#8217;environnement et du mode d&#8217;utilisation<br \/>\nApplication Logitech Presentation: La t\u00e9l\u00e9commande R500 s&#8217;associe \u00e0 l&#8217;application Logitech Presentation pour que vous puissiez personnaliser la fonction des boutons, surveiller la long\u00e9vit\u00e9 de la batterie et configurer un chronom\u00e8tre \u00e0 l&#8217;\u00e9cran pour votre pr\u00e9sentation. L\u2019installation du logiciel Logitech Presentation est requise, t\u00e9l\u00e9chargeable sur le site Internet de Logitech; compatible avec PC (Windows 7 ou version ult\u00e9rieure) et Mac (macOS X 10\/12 ou version ult\u00e9rieure)<br \/>\nDouble Connectivit\u00e9: Connectez la t\u00e9l\u00e9commande R500 \u00e0 votre ordinateur via r\u00e9cepteur USB ou la technologie Bluetooth Low Energy. Lorsqu&#8217;il n&#8217;est pas utilis\u00e9, le petit r\u00e9cepteur USB peut \u00eatre plac\u00e9 sur un dock pratique int\u00e9gr\u00e9 \u00e0 la t\u00e9l\u00e9commande R500<br \/>\nGestion Intelligente de la Batterie: La t\u00e9l\u00e9commande R500 fonctionne pendant 12 mois*** sur une seule pile AAA. Lorsque votre batterie est faible, la t\u00e9l\u00e9commande R500 passe en mode d&#8217;\u00e9conomie d&#8217;\u00e9nergie, d\u00e9sactivant le laser pour prolonger la long\u00e9vit\u00e9 de la batterie afin que vous puissiez continuer \u00e0 pr\u00e9senter pendant une semaine suppl\u00e9mentaire.***D\u00e9pend de l&#8217;environnement et du mode d&#8217;utilisation<br \/>\nPour des Fonctionnalit\u00e9s plus Avanc\u00e9es, Essayez la T\u00e9l\u00e9commande de Pr\u00e9sentation Logitech R700: Ecran LCD, minuterie avec vibration et port\u00e9e sans fil de 30 m\u00e8tres<br \/>\n\u203a Voir plus de d\u00e9tails<\/p>\n","protected":false},"excerpt":{"rendered":"<p>Logitech R500 T\u00e9l\u00e9commande de Pr\u00e9sentation sans Fil, 2,4 GHz et Bluetooth avec R\u00e9cepteur USB, Pointeur Laser Rouge, Port\u00e9e de 20M, 3 Boutons, Compatible avec PC\/Mac\/Android\/iOS .<\/p>\n","protected":false},"featured_media":2723,"comment_status":"open","ping_status":"closed","template":"","meta":{"_gspb_post_css":""},"store":[],"product_brand":[185],"product_cat":[217],"product_tag":[],"class_list":{"0":"post-2808","1":"product","2":"type-product","3":"status-publish","4":"has-post-thumbnail","6":"product_brand-logitech","7":"product_cat-accessories","9":"first","10":"instock","11":"sale","12":"featured","13":"shipping-taxable","14":"purchasable","15":"product-type-simple"},"_links":{"self":[{"href":"https:\/\/deskmarket.dz\/en\/wp-json\/wp\/v2\/product\/2808","targetHints":{"allow":["GET"]}}],"collection":[{"href":"https:\/\/deskmarket.dz\/en\/wp-json\/wp\/v2\/product"}],"about":[{"href":"https:\/\/deskmarket.dz\/en\/wp-json\/wp\/v2\/types\/product"}],"replies":[{"embeddable":true,"href":"https:\/\/deskmarket.dz\/en\/wp-json\/wp\/v2\/comments?post=2808"}],"wp:featuredmedia":[{"embeddable":true,"href":"https:\/\/deskmarket.dz\/en\/wp-json\/wp\/v2\/media\/2723"}],"wp:attachment":[{"href":"https:\/\/deskmarket.dz\/en\/wp-json\/wp\/v2\/media?parent=2808"}],"wp:term":[{"taxonomy":"store","embeddable":true,"href":"https:\/\/deskmarket.dz\/en\/wp-json\/wp\/v2\/store?post=2808"},{"taxonomy":"product_brand","embeddable":true,"href":"https:\/\/deskmarket.dz\/en\/wp-json\/wp\/v2\/product_brand?post=2808"},{"taxonomy":"product_cat","embeddable":true,"href":"https:\/\/deskmarket.dz\/en\/wp-json\/wp\/v2\/product_cat?post=2808"},{"taxonomy":"product_tag","embeddable":true,"href":"https:\/\/deskmarket.dz\/en\/wp-json\/wp\/v2\/product_tag?post=2808"}],"curies":[{"name":"wp","href":"https:\/\/api.w.org\/{rel}","templated":true}]}}