{"id":2816,"date":"2025-02-05T14:43:04","date_gmt":"2025-02-05T13:43:04","guid":{"rendered":"https:\/\/deskmarket.dz\/boutique\/armoire-a-cle-kb-25\/"},"modified":"2025-02-05T14:43:04","modified_gmt":"2025-02-05T13:43:04","slug":"armoire-a-cle-kb-25","status":"publish","type":"product","link":"https:\/\/deskmarket.dz\/en\/boutique\/armoire-a-cle-kb-25\/","title":{"rendered":"Armoire \u00e0 cl\u00e9 KB-25"},"content":{"rendered":"","protected":false},"excerpt":{"rendered":"<p>La bo\u00eete \u00e0 cl\u00e9s SentrySafe KB-25 permet d&#8217;organiser et de s\u00e9curiser les cl\u00e9s de votre domicile ou de votre entreprise. Les \u00e9tiquettes \u00e0 code couleur (incluses) et les \u00e9tiquettes permettent de retrouver et de rendre vos cl\u00e9s rapidement et facilement. Le mat\u00e9riel de montage est \u00e9galement inclus pour plus de s\u00e9curit\u00e9.<\/p>\n","protected":false},"featured_media":2702,"comment_status":"open","ping_status":"closed","template":"","meta":{"_gspb_post_css":""},"store":[],"product_brand":[190],"product_cat":[139],"product_tag":[],"class_list":{"0":"post-2816","1":"product","2":"type-product","3":"status-publish","4":"has-post-thumbnail","6":"product_brand-sentry-safe","7":"product_cat-coffres-securite","9":"first","10":"instock","11":"shipping-taxable","12":"purchasable","13":"product-type-simple"},"_links":{"self":[{"href":"https:\/\/deskmarket.dz\/en\/wp-json\/wp\/v2\/product\/2816","targetHints":{"allow":["GET"]}}],"collection":[{"href":"https:\/\/deskmarket.dz\/en\/wp-json\/wp\/v2\/product"}],"about":[{"href":"https:\/\/deskmarket.dz\/en\/wp-json\/wp\/v2\/types\/product"}],"replies":[{"embeddable":true,"href":"https:\/\/deskmarket.dz\/en\/wp-json\/wp\/v2\/comments?post=2816"}],"wp:featuredmedia":[{"embeddable":true,"href":"https:\/\/deskmarket.dz\/en\/wp-json\/wp\/v2\/media\/2702"}],"wp:attachment":[{"href":"https:\/\/deskmarket.dz\/en\/wp-json\/wp\/v2\/media?parent=2816"}],"wp:term":[{"taxonomy":"store","embeddable":true,"href":"https:\/\/deskmarket.dz\/en\/wp-json\/wp\/v2\/store?post=2816"},{"taxonomy":"product_brand","embeddable":true,"href":"https:\/\/deskmarket.dz\/en\/wp-json\/wp\/v2\/product_brand?post=2816"},{"taxonomy":"product_cat","embeddable":true,"href":"https:\/\/deskmarket.dz\/en\/wp-json\/wp\/v2\/product_cat?post=2816"},{"taxonomy":"product_tag","embeddable":true,"href":"https:\/\/deskmarket.dz\/en\/wp-json\/wp\/v2\/product_tag?post=2816"}],"curies":[{"name":"wp","href":"https:\/\/api.w.org\/{rel}","templated":true}]}}