{"id":2823,"date":"2025-02-05T14:43:05","date_gmt":"2025-02-05T13:43:05","guid":{"rendered":"https:\/\/deskmarket.dz\/boutique\/module-wifi-wireless-lan-5ghz-elpap11\/"},"modified":"2025-05-17T11:47:50","modified_gmt":"2025-05-17T10:47:50","slug":"module-wifi-wireless-lan-5ghz-elpap11","status":"publish","type":"product","link":"https:\/\/deskmarket.dz\/en\/boutique\/module-wifi-wireless-lan-5ghz-elpap11\/","title":{"rendered":"Module wifi wireless lan (5GHZ) ELPAP11"},"content":{"rendered":"<p>Pr\u00e9vu pour un grand nombre de vid\u00e9oprojecteurs EPSON, ce module Wi-Fi va vous permettre de lancer vos pr\u00e9sentations de toute la pi\u00e8ce, et de vous affranchir des contraintes des c\u00e2bles. Pr\u00e9sentez enfin en toute libert\u00e9 tous vos projets, ou regarder vos films tranquillement depuis votre canap\u00e9. Liste de compatibilit\u00e9 :CO-W01 -EB-1485Fi \u2013 EB-720 -EB-725W \u2013 EB-725Wi \u2013 EB-735F \u2013 EB-735Fi -EB-750F \u2013 EB-755F \u2013 EB-800F \u2013 EB-805F \u2013 EB-982W \u2013 EB-992F \u2013 EB-FH06 \u2013 EB-FH52 \u2013 EB-L200F \u2013 EB-L200SW \u2013 EB-L200SX \u2013 EB-L200W \u2013 EB-L250F \u2013 EB-L255F \u2013 EB-L520U \u2013 EB-L530U \u2013 EB-L630SU- EB-L630U \u2013 EB-L635SU \u2013 EB-L720U \u2013 EB-L730U \u2013 EB-L735U \u2013 EB-PU1006W \u2013 EB-PU1007B \u2013 EB-PU1007W \u2013 EB-PU1008B \u2013 EB-PU1008W \u2013 EB-PU2010B \u2013 EB-PU2010W \u2013 EB-PU2113W \u2013 EB-PU2116W \u2013 EB-PU2120W \u2013 EB-PU2213B \u2013 EB-PU2216B \u2013 EB-PU2220B \u2013 EB-W06 \u2013 EB-W49 \u2013 EB-W51 \u2013 EB-X06 \u2013 EB-X49 \u2013 EB-X51 -EH-TW740<\/p>\n","protected":false},"excerpt":{"rendered":"<p>EPSON module wifi ELPAP11 Wireless LAN (5GHz)<\/p>\n","protected":false},"featured_media":2591,"comment_status":"open","ping_status":"closed","template":"","meta":{"_gspb_post_css":""},"store":[],"product_brand":[155],"product_cat":[147],"product_tag":[],"class_list":{"0":"post-2823","1":"product","2":"type-product","3":"status-publish","4":"has-post-thumbnail","6":"product_brand-epson","7":"product_cat-accessoires","9":"first","10":"outofstock","11":"shipping-taxable","12":"purchasable","13":"product-type-simple"},"_links":{"self":[{"href":"https:\/\/deskmarket.dz\/en\/wp-json\/wp\/v2\/product\/2823","targetHints":{"allow":["GET"]}}],"collection":[{"href":"https:\/\/deskmarket.dz\/en\/wp-json\/wp\/v2\/product"}],"about":[{"href":"https:\/\/deskmarket.dz\/en\/wp-json\/wp\/v2\/types\/product"}],"replies":[{"embeddable":true,"href":"https:\/\/deskmarket.dz\/en\/wp-json\/wp\/v2\/comments?post=2823"}],"wp:featuredmedia":[{"embeddable":true,"href":"https:\/\/deskmarket.dz\/en\/wp-json\/wp\/v2\/media\/2591"}],"wp:attachment":[{"href":"https:\/\/deskmarket.dz\/en\/wp-json\/wp\/v2\/media?parent=2823"}],"wp:term":[{"taxonomy":"store","embeddable":true,"href":"https:\/\/deskmarket.dz\/en\/wp-json\/wp\/v2\/store?post=2823"},{"taxonomy":"product_brand","embeddable":true,"href":"https:\/\/deskmarket.dz\/en\/wp-json\/wp\/v2\/product_brand?post=2823"},{"taxonomy":"product_cat","embeddable":true,"href":"https:\/\/deskmarket.dz\/en\/wp-json\/wp\/v2\/product_cat?post=2823"},{"taxonomy":"product_tag","embeddable":true,"href":"https:\/\/deskmarket.dz\/en\/wp-json\/wp\/v2\/product_tag?post=2823"}],"curies":[{"name":"wp","href":"https:\/\/api.w.org\/{rel}","templated":true}]}}