{"id":2825,"date":"2025-02-05T14:43:06","date_gmt":"2025-02-05T13:43:06","guid":{"rendered":"https:\/\/deskmarket.dz\/boutique\/destructeur-documents-promax-qs-rpx612\/"},"modified":"2025-02-05T14:43:06","modified_gmt":"2025-02-05T13:43:06","slug":"destructeur-documents-promax-qs-rpx612","status":"publish","type":"product","link":"https:\/\/deskmarket.dz\/en\/boutique\/destructeur-documents-promax-qs-rpx612\/","title":{"rendered":"Destructeur Documents ProMax QS RPX612"},"content":{"rendered":"<p>D\u00e9truit jusqu\u2019\u00e0 6 feuilles \u00e0 la fois (80 grs)<br \/>\nNiveau de s\u00e9curit\u00e9 DIN P-4 (4 x 40 mm), d\u00e9coupe une feuille A4 en 400 morceaux<br \/>\nCorbeille amovible de 12 litres (132 feuilles). Fen\u00eatre transparente pour voir le remplissage.<br \/>\nD\u00e9truit les agrafes, les trombones et les cartes de cr\u00e9dit<br \/>\n8 minutes de fonctionnement en continu<br \/>\nUtra silencieux < 60 DbA\nFonction de marche arri\u00e8re\/avant manuelle et automatique pour \u00e9liminer les bourrages papier\nT\u00e9moin lumineux de surchauffe LED\nDimensions : 302 x 338 x 183\nNiveau de bruit (dBA) : 58\nConsommation d\u2019\u00e9nergie (W) : 210\nCapacit\u00e9 de destruction(80 grs) : 6\nCapacit\u00e9 de destruction (70 grs) : 7\nCorbeille\/volume en litre : 12\nDocument d\u00e9truit : Agrafes, trombones et cartes de cr\u00e9dit\nType de coupe : Coupe Crois\u00e9e\nLargeur d\u2019entr\u00e9e max (mm) : 220\nTemps de fonctionnement \u00e0 froid (min) : 8\nTemps de fonctionnement\/temps de refroidissement (min) : 8\/30\nNiveau de s\u00e9curit\u00e9 : P-4\nTaille des particules mm : 4\u00d740\nPoids : 4,7\n<\/p>\n","protected":false},"excerpt":{"rendered":"<p>Le ProMax QS RPX612 d\u00e9truit jusqu&#8217;\u00e0 6 feuilles \u00e0 la fois (80 grs) en particules de 4x40mm (DIN P4), avec une corbeille de 12 litres pouvant contenir 132 feuilles.<\/p>\n","protected":false},"featured_media":2728,"comment_status":"open","ping_status":"closed","template":"","meta":{"_gspb_post_css":""},"store":[],"product_brand":[159],"product_cat":[178],"product_tag":[],"class_list":{"0":"post-2825","1":"product","2":"type-product","3":"status-publish","4":"has-post-thumbnail","6":"product_brand-rexel","7":"product_cat-apprails-de-bureau","9":"first","10":"instock","11":"shipping-taxable","12":"purchasable","13":"product-type-simple"},"_links":{"self":[{"href":"https:\/\/deskmarket.dz\/en\/wp-json\/wp\/v2\/product\/2825","targetHints":{"allow":["GET"]}}],"collection":[{"href":"https:\/\/deskmarket.dz\/en\/wp-json\/wp\/v2\/product"}],"about":[{"href":"https:\/\/deskmarket.dz\/en\/wp-json\/wp\/v2\/types\/product"}],"replies":[{"embeddable":true,"href":"https:\/\/deskmarket.dz\/en\/wp-json\/wp\/v2\/comments?post=2825"}],"wp:featuredmedia":[{"embeddable":true,"href":"https:\/\/deskmarket.dz\/en\/wp-json\/wp\/v2\/media\/2728"}],"wp:attachment":[{"href":"https:\/\/deskmarket.dz\/en\/wp-json\/wp\/v2\/media?parent=2825"}],"wp:term":[{"taxonomy":"store","embeddable":true,"href":"https:\/\/deskmarket.dz\/en\/wp-json\/wp\/v2\/store?post=2825"},{"taxonomy":"product_brand","embeddable":true,"href":"https:\/\/deskmarket.dz\/en\/wp-json\/wp\/v2\/product_brand?post=2825"},{"taxonomy":"product_cat","embeddable":true,"href":"https:\/\/deskmarket.dz\/en\/wp-json\/wp\/v2\/product_cat?post=2825"},{"taxonomy":"product_tag","embeddable":true,"href":"https:\/\/deskmarket.dz\/en\/wp-json\/wp\/v2\/product_tag?post=2825"}],"curies":[{"name":"wp","href":"https:\/\/api.w.org\/{rel}","templated":true}]}}