{"id":2831,"date":"2025-02-05T14:43:06","date_gmt":"2025-02-05T13:43:06","guid":{"rendered":"https:\/\/deskmarket.dz\/boutique\/coffre-fort-acs-4\/"},"modified":"2025-02-05T14:43:06","modified_gmt":"2025-02-05T13:43:06","slug":"coffre-fort-acs-4","status":"publish","type":"product","link":"https:\/\/deskmarket.dz\/en\/boutique\/coffre-fort-acs-4\/","title":{"rendered":"Coffre fort ACS-4"},"content":{"rendered":"<p>Le coffre-fort Executive Safe mod\u00e8le ACS-4 est un coffre-fort de petite taille dans la cat\u00e9gorie des coffres-forts de la s\u00e9rie mini pro. Un petit coffre-fort de s\u00e9curit\u00e9 avec une construction en acier massif et une porte r\u00e9sistante aux effractions, dot\u00e9 d&#8217;une serrure \u00e0 combinaison num\u00e9rique intelligente avec une serrure \u00e0 cl\u00e9 de secours, un verrouillage et des fonctions de piste d&#8217;audit. Les verrous motoris\u00e9s du coffre-fort (style h\u00f4tel) ouvrent et ferment automatiquement le coffre-fort. Un sol int\u00e9rieur recouvert de moquette prot\u00e8ge les objets de valeur des rayures et des boulons pour plus de s\u00e9curit\u00e9 sont inclus. Il peut \u00eatre utilis\u00e9 comme coffre-fort \u00e0 domicile, coffre-fort de bureau, coffre-fort au sol ou au mur, coffre-fort de chambre d&#8217;h\u00f4tel ou coffre-fort pour pistolet. Ce coffre-fort intelligent est facile \u00e0 utiliser et \u00e0 faire fonctionner. S&#8217;int\u00e8gre bien dans les meubles de maison ou de bureau. Ce petit coffre-fort intelligent est le meilleur cadeau pour toute occasion qui durera toute une vie. Ils l&#8217;adoreront et l&#8217;utiliseront r\u00e9ellement !<\/p>\n","protected":false},"excerpt":{"rendered":"<p>Coffre-fort de s\u00e9curit\u00e9 avec serrure \u00e0 combinaison \u00e9lectronique avanc\u00e9e<\/p>\n<p>18 cm x 43 cm x 35 cm<br \/>\n7&#8243; x 16,9&#8243; x 13,7&#8243;<br \/>\nPoid: 7,4kg<br \/>\nCapacit\u00e9: 23,1 l<\/p>\n","protected":false},"featured_media":2510,"comment_status":"open","ping_status":"closed","template":"","meta":{"_gspb_post_css":""},"store":[],"product_brand":[154],"product_cat":[139],"product_tag":[],"class_list":{"0":"post-2831","1":"product","2":"type-product","3":"status-publish","4":"has-post-thumbnail","6":"product_brand-executive-safe","7":"product_cat-coffres-securite","9":"first","10":"instock","11":"shipping-taxable","12":"purchasable","13":"product-type-simple"},"_links":{"self":[{"href":"https:\/\/deskmarket.dz\/en\/wp-json\/wp\/v2\/product\/2831","targetHints":{"allow":["GET"]}}],"collection":[{"href":"https:\/\/deskmarket.dz\/en\/wp-json\/wp\/v2\/product"}],"about":[{"href":"https:\/\/deskmarket.dz\/en\/wp-json\/wp\/v2\/types\/product"}],"replies":[{"embeddable":true,"href":"https:\/\/deskmarket.dz\/en\/wp-json\/wp\/v2\/comments?post=2831"}],"wp:featuredmedia":[{"embeddable":true,"href":"https:\/\/deskmarket.dz\/en\/wp-json\/wp\/v2\/media\/2510"}],"wp:attachment":[{"href":"https:\/\/deskmarket.dz\/en\/wp-json\/wp\/v2\/media?parent=2831"}],"wp:term":[{"taxonomy":"store","embeddable":true,"href":"https:\/\/deskmarket.dz\/en\/wp-json\/wp\/v2\/store?post=2831"},{"taxonomy":"product_brand","embeddable":true,"href":"https:\/\/deskmarket.dz\/en\/wp-json\/wp\/v2\/product_brand?post=2831"},{"taxonomy":"product_cat","embeddable":true,"href":"https:\/\/deskmarket.dz\/en\/wp-json\/wp\/v2\/product_cat?post=2831"},{"taxonomy":"product_tag","embeddable":true,"href":"https:\/\/deskmarket.dz\/en\/wp-json\/wp\/v2\/product_tag?post=2831"}],"curies":[{"name":"wp","href":"https:\/\/api.w.org\/{rel}","templated":true}]}}