{"id":2839,"date":"2025-02-05T14:43:07","date_gmt":"2025-02-05T13:43:07","guid":{"rendered":"https:\/\/deskmarket.dz\/boutique\/coffre-fort-cs-6-2\/"},"modified":"2025-02-05T14:43:07","modified_gmt":"2025-02-05T13:43:07","slug":"coffre-fort-cs-6-2","status":"publish","type":"product","link":"https:\/\/deskmarket.dz\/en\/boutique\/coffre-fort-cs-6-2\/","title":{"rendered":"Coffre fort CS-6"},"content":{"rendered":"<p>Le coffre-fort Executive Safe mod\u00e8le CS-6B est un coffre-fort de grande taille dans la cat\u00e9gorie des mini-coffres-forts bio. Un grand coffre-fort de s\u00e9curit\u00e9 avec une construction en acier massif et une porte r\u00e9sistante aux effractions, dot\u00e9 d&#8217;une serrure biom\u00e9trique \u00e0 empreintes digitales, d&#8217;une serrure \u00e0 combinaison \u00e0 \u00e9cran tactile, d&#8217;une serrure \u00e0 cl\u00e9 de remplacement, d&#8217;une fonction de verrouillage avec alarme et d&#8217;une r\u00e9ponse vocale interactive (en anglais uniquement) pour aider \u00e0 configurer le coffre-fort. Le coffre-fort peut accueillir un ordinateur portable jusqu&#8217;\u00e0 17 pouces. Un sol int\u00e9rieur recouvert de moquette prot\u00e9geant les objets de valeur des rayures et des boulons pour plus de s\u00e9curit\u00e9 sont inclus. L&#8217;\u00e9tag\u00e8re amovible permet d&#8217;organiser les objets de valeur dans le coffre-fort. Il peut \u00eatre utilis\u00e9 comme coffre-fort \u00e0 domicile, coffre-fort de bureau, coffre-fort au sol ou au mur, coffre-fort de chambre d&#8217;h\u00f4tel ou coffre-fort pour pistolet. Ce coffre-fort intelligent est facile \u00e0 utiliser et \u00e0 faire fonctionner. S&#8217;int\u00e8gre bien dans les meubles de maison ou de bureau. Ce grand coffre-fort intelligent est le meilleur cadeau pour toute occasion qui durera toute une vie. Ils l&#8217;adoreront et l&#8217;utiliseront r\u00e9ellement !<\/p>\n","protected":false},"excerpt":{"rendered":"<p>Coffre-fort de s\u00e9curit\u00e9 biom\u00e9trique avec \u00e9cran tactile, serrure \u00e0 combinaison \u00e9lectronique, alarme et r\u00e9ponse vocale interactive (IVR)<\/p>\n<p>27 cm x 43 cm x 35 cm<br \/>\n10,6&#8243; x 16,9&#8243; x 13,7&#8243;<br \/>\nPoid: 12,2 kg<br \/>\nCapacit\u00e9: 35,3 l<\/p>\n","protected":false},"featured_media":2581,"comment_status":"open","ping_status":"closed","template":"","meta":{"_gspb_post_css":""},"store":[],"product_brand":[154],"product_cat":[139],"product_tag":[],"class_list":{"0":"post-2839","1":"product","2":"type-product","3":"status-publish","4":"has-post-thumbnail","6":"product_brand-executive-safe","7":"product_cat-coffres-securite","9":"first","10":"instock","11":"shipping-taxable","12":"purchasable","13":"product-type-simple"},"_links":{"self":[{"href":"https:\/\/deskmarket.dz\/en\/wp-json\/wp\/v2\/product\/2839","targetHints":{"allow":["GET"]}}],"collection":[{"href":"https:\/\/deskmarket.dz\/en\/wp-json\/wp\/v2\/product"}],"about":[{"href":"https:\/\/deskmarket.dz\/en\/wp-json\/wp\/v2\/types\/product"}],"replies":[{"embeddable":true,"href":"https:\/\/deskmarket.dz\/en\/wp-json\/wp\/v2\/comments?post=2839"}],"wp:featuredmedia":[{"embeddable":true,"href":"https:\/\/deskmarket.dz\/en\/wp-json\/wp\/v2\/media\/2581"}],"wp:attachment":[{"href":"https:\/\/deskmarket.dz\/en\/wp-json\/wp\/v2\/media?parent=2839"}],"wp:term":[{"taxonomy":"store","embeddable":true,"href":"https:\/\/deskmarket.dz\/en\/wp-json\/wp\/v2\/store?post=2839"},{"taxonomy":"product_brand","embeddable":true,"href":"https:\/\/deskmarket.dz\/en\/wp-json\/wp\/v2\/product_brand?post=2839"},{"taxonomy":"product_cat","embeddable":true,"href":"https:\/\/deskmarket.dz\/en\/wp-json\/wp\/v2\/product_cat?post=2839"},{"taxonomy":"product_tag","embeddable":true,"href":"https:\/\/deskmarket.dz\/en\/wp-json\/wp\/v2\/product_tag?post=2839"}],"curies":[{"name":"wp","href":"https:\/\/api.w.org\/{rel}","templated":true}]}}