{"id":2841,"date":"2025-02-05T14:43:08","date_gmt":"2025-02-05T13:43:08","guid":{"rendered":"https:\/\/deskmarket.dz\/boutique\/coffre-fort-de-depot-ds508\/"},"modified":"2025-02-05T14:43:08","modified_gmt":"2025-02-05T13:43:08","slug":"coffre-fort-de-depot-ds508","status":"publish","type":"product","link":"https:\/\/deskmarket.dz\/en\/boutique\/coffre-fort-de-depot-ds508\/","title":{"rendered":"Coffre fort de d\u00e9pot DS508"},"content":{"rendered":"<p>Le coffre-fort Executive Safe mod\u00e8le DS508 est un coffre-fort de d\u00e9p\u00f4t ou un coffre-fort \u00e0 fente de d\u00e9p\u00f4t dans la cat\u00e9gorie des coffres-forts de la s\u00e9rie Depository. Un coffre-fort de d\u00e9p\u00f4t est un syst\u00e8me de protection des esp\u00e8ces \u00e0 court ou \u00e0 long terme utilis\u00e9 par les entreprises et les organisations pour prot\u00e9ger les d\u00e9p\u00f4ts contre le vol. \u00c9galement connu sous le nom de coffre-fort de d\u00e9p\u00f4t ou de bo\u00eete de d\u00e9p\u00f4t, le coffre-fort comprend une tr\u00e9mie. Un grand coffre-fort de s\u00e9curit\u00e9 avec une construction en acier massif et une porte r\u00e9sistante aux effractions d\u00e9coup\u00e9e au laser, dot\u00e9 d&#8217;une serrure \u00e0 combinaison num\u00e9rique intelligente avec une serrure \u00e0 cl\u00e9 de secours, un verrouillage et des fonctions de piste d&#8217;audit. Les boulons surdimensionn\u00e9s du coffre-fort offrent une s\u00e9curit\u00e9 suppl\u00e9mentaire. Le sol int\u00e9rieur recouvert de moquette prot\u00e8ge les objets de valeur des rayures et le mat\u00e9riel de verrouillage est inclus et offre une s\u00e9curit\u00e9 suppl\u00e9mentaire. La plaque en acier tremp\u00e9 prot\u00e8ge le coffre-fort des attaques de forage et le dispositif de reverrouillage ind\u00e9pendant offre une s\u00e9curit\u00e9 suppl\u00e9mentaire contre les vandales. Facile \u00e0 utiliser et \u00e0 utiliser<\/p>\n","protected":false},"excerpt":{"rendered":"<p>Coffre-fort de d\u00e9p\u00f4t avec serrure \u00e0 combinaison \u00e9lectronique avanc\u00e9e<\/p>\n<p>50,8 cm x 35,5 cm x 35,5 cm<br \/>\n20&#8243; x 13,9&#8243; x 13,9&#8243;<\/p>\n","protected":false},"featured_media":2588,"comment_status":"open","ping_status":"closed","template":"","meta":{"_gspb_post_css":""},"store":[],"product_brand":[154],"product_cat":[139],"product_tag":[],"class_list":{"0":"post-2841","1":"product","2":"type-product","3":"status-publish","4":"has-post-thumbnail","6":"product_brand-executive-safe","7":"product_cat-coffres-securite","9":"first","10":"instock","11":"featured","12":"shipping-taxable","13":"purchasable","14":"product-type-simple"},"_links":{"self":[{"href":"https:\/\/deskmarket.dz\/en\/wp-json\/wp\/v2\/product\/2841","targetHints":{"allow":["GET"]}}],"collection":[{"href":"https:\/\/deskmarket.dz\/en\/wp-json\/wp\/v2\/product"}],"about":[{"href":"https:\/\/deskmarket.dz\/en\/wp-json\/wp\/v2\/types\/product"}],"replies":[{"embeddable":true,"href":"https:\/\/deskmarket.dz\/en\/wp-json\/wp\/v2\/comments?post=2841"}],"wp:featuredmedia":[{"embeddable":true,"href":"https:\/\/deskmarket.dz\/en\/wp-json\/wp\/v2\/media\/2588"}],"wp:attachment":[{"href":"https:\/\/deskmarket.dz\/en\/wp-json\/wp\/v2\/media?parent=2841"}],"wp:term":[{"taxonomy":"store","embeddable":true,"href":"https:\/\/deskmarket.dz\/en\/wp-json\/wp\/v2\/store?post=2841"},{"taxonomy":"product_brand","embeddable":true,"href":"https:\/\/deskmarket.dz\/en\/wp-json\/wp\/v2\/product_brand?post=2841"},{"taxonomy":"product_cat","embeddable":true,"href":"https:\/\/deskmarket.dz\/en\/wp-json\/wp\/v2\/product_cat?post=2841"},{"taxonomy":"product_tag","embeddable":true,"href":"https:\/\/deskmarket.dz\/en\/wp-json\/wp\/v2\/product_tag?post=2841"}],"curies":[{"name":"wp","href":"https:\/\/api.w.org\/{rel}","templated":true}]}}