{"id":2844,"date":"2025-02-05T14:43:08","date_gmt":"2025-02-05T13:43:08","guid":{"rendered":"https:\/\/deskmarket.dz\/boutique\/coffre-fort-anti-feu-es035\/"},"modified":"2026-03-09T09:44:21","modified_gmt":"2026-03-09T08:44:21","slug":"coffre-fort-anti-feu-es035","status":"publish","type":"product","link":"https:\/\/deskmarket.dz\/en\/boutique\/coffre-fort-anti-feu-es035\/","title":{"rendered":"Coffre fort anti feu ES035"},"content":{"rendered":"<p>Le mod\u00e8le ExecutiveSafe ES035 est un coffre-fort ignifuge de grande taille dans la cat\u00e9gorie des coffres-forts de la s\u00e9rie Fire Pro. Ce coffre-fort est fabriqu\u00e9 en acier et en mat\u00e9riau ignifuge avec des charni\u00e8res robustes et r\u00e9sistantes, des barres de verrouillage et des boulons de verrouillage surdimensionn\u00e9s d\u00e9passant les normes de l&#8217;industrie. Ce coffre-fort est livr\u00e9 avec une poign\u00e9e ergonomique avec un scanner d&#8217;empreintes digitales int\u00e9gr\u00e9 offrant une s\u00e9curit\u00e9 de premier ordre et en m\u00eame temps un acc\u00e8s tr\u00e8s facile et rapide au coffre-fort. La serrure \u00e0 combinaison num\u00e9rique \u00e9lectronique avec la fonction de verrouillage est tr\u00e8s facile \u00e0 utiliser et \u00e0 faire fonctionner. Ce coffre-fort ignifuge robuste est \u00e9quip\u00e9 d&#8217;un syst\u00e8me d&#8217;alarme double intelligent. Les deux \u00e9tag\u00e8res r\u00e9glables et amovibles et le tiroir verrouillable du coffre-fort aident \u00e0 organiser et \u00e0 prot\u00e9ger les objets de valeur dans le coffre-fort, tels que les passeports, les bijoux, les certificats de naissance et l&#8217;argent liquide. Ce coffre-fort dispose d&#8217;un \u00e9clairage LED int\u00e9rieur. Il peut \u00eatre utilis\u00e9 comme coffre-fort domestique, coffre-fort de bureau, coffre-fort au sol ou au mur, ou comme coffre-fort pour armes de poing. Ce coffre-fort intelligent est facile \u00e0 utiliser et \u00e0 faire fonctionner. S&#8217;int\u00e8gre bien dans les meubles de maison ou de bureau. Ce coffre-fort de s\u00e9curit\u00e9 intelligent est le meilleur cadeau pour toute occasion qui durera toute une vie. Ils vont l\u2019adorer et l\u2019utiliser r\u00e9ellement !<\/p>\n","protected":false},"excerpt":{"rendered":"<p>Coffre-fort biom\u00e9trique ignifuge de grande taille avec serrure \u00e0 combinaison \u00e9lectronique et alarme<\/p>\n<p>35 cm x 48 cm x 44,6 cm<br \/>\n13,78 x 18,9&#8243; x 17,56&#8243;<br \/>\nPoid: 50 kg<br \/>\nCapacit\u00e9: 20,9 l<\/p>\n","protected":false},"featured_media":2594,"comment_status":"open","ping_status":"closed","template":"","meta":{"_gspb_post_css":""},"store":[],"product_brand":[154],"product_cat":[139],"product_tag":[],"class_list":{"0":"post-2844","1":"product","2":"type-product","3":"status-publish","4":"has-post-thumbnail","6":"product_brand-executive-safe","7":"product_cat-coffres-securite","9":"first","10":"onbackorder","11":"shipping-taxable","12":"product-type-simple"},"_links":{"self":[{"href":"https:\/\/deskmarket.dz\/en\/wp-json\/wp\/v2\/product\/2844","targetHints":{"allow":["GET"]}}],"collection":[{"href":"https:\/\/deskmarket.dz\/en\/wp-json\/wp\/v2\/product"}],"about":[{"href":"https:\/\/deskmarket.dz\/en\/wp-json\/wp\/v2\/types\/product"}],"replies":[{"embeddable":true,"href":"https:\/\/deskmarket.dz\/en\/wp-json\/wp\/v2\/comments?post=2844"}],"wp:featuredmedia":[{"embeddable":true,"href":"https:\/\/deskmarket.dz\/en\/wp-json\/wp\/v2\/media\/2594"}],"wp:attachment":[{"href":"https:\/\/deskmarket.dz\/en\/wp-json\/wp\/v2\/media?parent=2844"}],"wp:term":[{"taxonomy":"store","embeddable":true,"href":"https:\/\/deskmarket.dz\/en\/wp-json\/wp\/v2\/store?post=2844"},{"taxonomy":"product_brand","embeddable":true,"href":"https:\/\/deskmarket.dz\/en\/wp-json\/wp\/v2\/product_brand?post=2844"},{"taxonomy":"product_cat","embeddable":true,"href":"https:\/\/deskmarket.dz\/en\/wp-json\/wp\/v2\/product_cat?post=2844"},{"taxonomy":"product_tag","embeddable":true,"href":"https:\/\/deskmarket.dz\/en\/wp-json\/wp\/v2\/product_tag?post=2844"}],"curies":[{"name":"wp","href":"https:\/\/api.w.org\/{rel}","templated":true}]}}