{"id":2850,"date":"2025-02-05T14:43:09","date_gmt":"2025-02-05T13:43:09","guid":{"rendered":"https:\/\/deskmarket.dz\/boutique\/coffre-fort-pour-armes-a-feu-g0135e\/"},"modified":"2025-02-05T14:43:09","modified_gmt":"2025-02-05T13:43:09","slug":"coffre-fort-pour-armes-a-feu-g0135e","status":"publish","type":"product","link":"https:\/\/deskmarket.dz\/en\/boutique\/coffre-fort-pour-armes-a-feu-g0135e\/","title":{"rendered":"Coffre fort pour armes \u00e0 feu G0135E"},"content":{"rendered":"<p>Le coffre-fort ex\u00e9cutif mod\u00e8le G0135E est un coffre-fort pour armes de taille XX-Large dans la cat\u00e9gorie Coffres-forts extra-larges \/ Coffres-forts pour armes \u00e0 feu. L&#8217;int\u00e9rieur de ce coffre-fort pour armes de taille XX-Large est configur\u00e9 pour \u00eatre utilis\u00e9 comme un coffre-fort pour armes \u00e0 feu d&#8217;une capacit\u00e9 de 4 armes avec une \u00e9tag\u00e8re \u00e0 position fixe. L&#8217;int\u00e9rieur est enti\u00e8rement recouvert de moquette pour prot\u00e9ger des rayures. Ce coffre-fort ex\u00e9cutif est fabriqu\u00e9 en acier avec des charni\u00e8res dissimul\u00e9es robustes et r\u00e9sistantes et des boulons de verrouillage surdimensionn\u00e9s d\u00e9passant les normes de l&#8217;industrie. La serrure \u00e0 combinaison num\u00e9rique \u00e9lectronique avec la fonction de verrouillage est tr\u00e8s facile \u00e0 utiliser et \u00e0 faire fonctionner. Ne vous laissez jamais enfermer dehors gr\u00e2ce \u00e0 la serrure \u00e0 cl\u00e9 de secours. Coffre-fort fix\u00e9 au sol ou au mur. Il peut \u00eatre utilis\u00e9 comme coffre-fort pour armes \u00e0 feu \u00e0 domicile ou comme coffre-fort pour armes de poing. Ce coffre-fort intelligent est facile \u00e0 utiliser et \u00e0 faire fonctionner. S&#8217;int\u00e8gre bien dans les meubles de maison. Ce coffre-fort commercial de s\u00e9curit\u00e9 intelligent est le meilleur cadeau pour toute occasion qui durera toute une vie. Ils l&#8217;adoreront et l&#8217;utiliseront r\u00e9ellement !<\/p>\n","protected":false},"excerpt":{"rendered":"<p>Coffre-fort pour 4 armes avec serrure \u00e0 combinaison \u00e9lectronique<\/p>\n<p>140 cm x 30,5 cm x 29,2 cm<br \/>\n55,1&#8243; x 12&#8243; x 11,5&#8243;<br \/>\nPoid: 36 kg<br \/>\nCapacit\u00e9: 93,2 l<\/p>\n","protected":false},"featured_media":2630,"comment_status":"open","ping_status":"closed","template":"","meta":{"_gspb_post_css":""},"store":[],"product_brand":[154],"product_cat":[139],"product_tag":[],"class_list":{"0":"post-2850","1":"product","2":"type-product","3":"status-publish","4":"has-post-thumbnail","6":"product_brand-executive-safe","7":"product_cat-coffres-securite","9":"first","10":"instock","11":"featured","12":"shipping-taxable","13":"purchasable","14":"product-type-simple"},"_links":{"self":[{"href":"https:\/\/deskmarket.dz\/en\/wp-json\/wp\/v2\/product\/2850","targetHints":{"allow":["GET"]}}],"collection":[{"href":"https:\/\/deskmarket.dz\/en\/wp-json\/wp\/v2\/product"}],"about":[{"href":"https:\/\/deskmarket.dz\/en\/wp-json\/wp\/v2\/types\/product"}],"replies":[{"embeddable":true,"href":"https:\/\/deskmarket.dz\/en\/wp-json\/wp\/v2\/comments?post=2850"}],"wp:featuredmedia":[{"embeddable":true,"href":"https:\/\/deskmarket.dz\/en\/wp-json\/wp\/v2\/media\/2630"}],"wp:attachment":[{"href":"https:\/\/deskmarket.dz\/en\/wp-json\/wp\/v2\/media?parent=2850"}],"wp:term":[{"taxonomy":"store","embeddable":true,"href":"https:\/\/deskmarket.dz\/en\/wp-json\/wp\/v2\/store?post=2850"},{"taxonomy":"product_brand","embeddable":true,"href":"https:\/\/deskmarket.dz\/en\/wp-json\/wp\/v2\/product_brand?post=2850"},{"taxonomy":"product_cat","embeddable":true,"href":"https:\/\/deskmarket.dz\/en\/wp-json\/wp\/v2\/product_cat?post=2850"},{"taxonomy":"product_tag","embeddable":true,"href":"https:\/\/deskmarket.dz\/en\/wp-json\/wp\/v2\/product_tag?post=2850"}],"curies":[{"name":"wp","href":"https:\/\/api.w.org\/{rel}","templated":true}]}}