{"id":2851,"date":"2025-02-05T14:43:09","date_gmt":"2025-02-05T13:43:09","guid":{"rendered":"https:\/\/deskmarket.dz\/boutique\/coffre-fort-pour-armes-a-feu-g1459e\/"},"modified":"2025-02-05T14:43:09","modified_gmt":"2025-02-05T13:43:09","slug":"coffre-fort-pour-armes-a-feu-g1459e","status":"publish","type":"product","link":"https:\/\/deskmarket.dz\/en\/boutique\/coffre-fort-pour-armes-a-feu-g1459e\/","title":{"rendered":"Coffre fort pour armes \u00e0 feu G1459E"},"content":{"rendered":"<p>Le coffre-fort ex\u00e9cutif mod\u00e8le G1459E est un coffre-fort de s\u00e9curit\u00e9 de taille XX-Large dans la cat\u00e9gorie des coffres-forts extra-larges \/ coffres-forts pour armes \u00e0 feu. L&#8217;int\u00e9rieur de ce coffre-fort de s\u00e9curit\u00e9 robuste de taille XX-Large peut \u00eatre configur\u00e9 pour \u00eatre utilis\u00e9 comme un coffre-fort de taille XX-L avec des \u00e9tag\u00e8res ou comme un coffre-fort pour armes \u00e0 feu d&#8217;une capacit\u00e9 de 14 armes \u00e0 feu. Le coffre-fort de s\u00e9curit\u00e9 est livr\u00e9 avec tous les accessoires pour que l&#8217;int\u00e9rieur soit configur\u00e9 selon les besoins. L&#8217;int\u00e9rieur arri\u00e8re de la porte est dot\u00e9 d&#8217;un organisateur de porte qui permet de stocker plus d&#8217;articles et l&#8217;int\u00e9rieur est enti\u00e8rement recouvert de moquette. Ce coffre-fort ex\u00e9cutif est fabriqu\u00e9 en acier avec des charni\u00e8res dissimul\u00e9es robustes et r\u00e9sistantes et des boulons de verrouillage surdimensionn\u00e9s d\u00e9passant les normes de l&#8217;industrie. La serrure \u00e0 combinaison num\u00e9rique \u00e9lectronique avec fonction de verrouillage est tr\u00e8s facile \u00e0 utiliser et \u00e0 faire fonctionner. Ne vous retrouvez jamais enferm\u00e9 dehors gr\u00e2ce au verrou \u00e0 cl\u00e9 de secours. Il peut \u00eatre utilis\u00e9 comme coffre-fort domestique, coffre-fort de bureau, coffre-fort au sol ou au mur, ou comme coffre-fort pour armes de poing. Ce coffre-fort intelligent est facile \u00e0 utiliser et \u00e0 faire fonctionner. S&#8217;int\u00e8gre bien dans les meubles de maison ou de bureau. Ce coffre-fort commercial intelligent et s\u00e9curis\u00e9 est le meilleur cadeau pour toute occasion qui durera toute une vie. Ils l&#8217;adoreront et l&#8217;utiliseront r\u00e9ellement !<\/p>\n","protected":false},"excerpt":{"rendered":"<p>Coffre-fort d&#8217;une capacit\u00e9 de 14 armes \/ Coffre-fort de s\u00e9curit\u00e9 extra large avec serrure \u00e0 combinaison \u00e9lectronique<\/p>\n<p>150 cm x 53,5 cm x 50,5 cm<br \/>\n59&#8243; x 21&#8243; x 19,9&#8243;<br \/>\nPoid: 179 kg<br \/>\nCapacit\u00e9: 311,6 l<\/p>\n","protected":false},"featured_media":2631,"comment_status":"open","ping_status":"closed","template":"","meta":{"_gspb_post_css":""},"store":[],"product_brand":[154],"product_cat":[139],"product_tag":[],"class_list":{"0":"post-2851","1":"product","2":"type-product","3":"status-publish","4":"has-post-thumbnail","6":"product_brand-executive-safe","7":"product_cat-coffres-securite","9":"first","10":"instock","11":"shipping-taxable","12":"purchasable","13":"product-type-simple"},"_links":{"self":[{"href":"https:\/\/deskmarket.dz\/en\/wp-json\/wp\/v2\/product\/2851","targetHints":{"allow":["GET"]}}],"collection":[{"href":"https:\/\/deskmarket.dz\/en\/wp-json\/wp\/v2\/product"}],"about":[{"href":"https:\/\/deskmarket.dz\/en\/wp-json\/wp\/v2\/types\/product"}],"replies":[{"embeddable":true,"href":"https:\/\/deskmarket.dz\/en\/wp-json\/wp\/v2\/comments?post=2851"}],"wp:featuredmedia":[{"embeddable":true,"href":"https:\/\/deskmarket.dz\/en\/wp-json\/wp\/v2\/media\/2631"}],"wp:attachment":[{"href":"https:\/\/deskmarket.dz\/en\/wp-json\/wp\/v2\/media?parent=2851"}],"wp:term":[{"taxonomy":"store","embeddable":true,"href":"https:\/\/deskmarket.dz\/en\/wp-json\/wp\/v2\/store?post=2851"},{"taxonomy":"product_brand","embeddable":true,"href":"https:\/\/deskmarket.dz\/en\/wp-json\/wp\/v2\/product_brand?post=2851"},{"taxonomy":"product_cat","embeddable":true,"href":"https:\/\/deskmarket.dz\/en\/wp-json\/wp\/v2\/product_cat?post=2851"},{"taxonomy":"product_tag","embeddable":true,"href":"https:\/\/deskmarket.dz\/en\/wp-json\/wp\/v2\/product_tag?post=2851"}],"curies":[{"name":"wp","href":"https:\/\/api.w.org\/{rel}","templated":true}]}}