{"id":2855,"date":"2025-02-05T14:43:10","date_gmt":"2025-02-05T13:43:10","guid":{"rendered":"https:\/\/deskmarket.dz\/boutique\/perforelieuse-c100\/"},"modified":"2025-02-05T14:43:10","modified_gmt":"2025-02-05T13:43:10","slug":"perforelieuse-c100","status":"publish","type":"product","link":"https:\/\/deskmarket.dz\/en\/boutique\/perforelieuse-c100\/","title":{"rendered":"Perforelieuse C100"},"content":{"rendered":"<p>Caract\u00e9ristiques<br \/>\nPerforelieuse id\u00e9ale pour un usage occasionnel et personnel<br \/>\nReliure de 160 feuilles avec un peigne 19 mm<br \/>\nCapacit\u00e9 de perforation manuelle &#8220;Low force&#8221; de 9 feuilles (80 g\/m\u00b2)<br \/>\nPerforation &#8220;Low force&#8221; pour la cr\u00e9ation de documents en un temps record<\/p>\n","protected":false},"excerpt":{"rendered":"<p>La reliure n&#8217;a jamais \u00e9t\u00e9 aussi simple. La perforelieuse CombBind\u00ae C100 est id\u00e9ale pour un usage occasionnel et personnel. Elle allie une capacit\u00e9 de perforation de 9 feuilles 80 g\/m\u00b2 \u00e0 une capacit\u00e9 de reliure jusqu&#8217;\u00e0 160 feuilles A4 avec un peigne de 19 mm. L\u00e9g\u00e8re, compacte et facile \u00e0 ranger, cette perforelieuse est id\u00e9ale pour \u00eatre utilis\u00e9e partout et \u00e0 tout moment.<\/p>\n","protected":false},"featured_media":2538,"comment_status":"open","ping_status":"closed","template":"","meta":{"_gspb_post_css":""},"store":[],"product_brand":[191],"product_cat":[178],"product_tag":[],"class_list":{"0":"post-2855","1":"product","2":"type-product","3":"status-publish","4":"has-post-thumbnail","6":"product_brand-gbc","7":"product_cat-apprails-de-bureau","9":"first","10":"instock","11":"shipping-taxable","12":"purchasable","13":"product-type-simple"},"_links":{"self":[{"href":"https:\/\/deskmarket.dz\/en\/wp-json\/wp\/v2\/product\/2855","targetHints":{"allow":["GET"]}}],"collection":[{"href":"https:\/\/deskmarket.dz\/en\/wp-json\/wp\/v2\/product"}],"about":[{"href":"https:\/\/deskmarket.dz\/en\/wp-json\/wp\/v2\/types\/product"}],"replies":[{"embeddable":true,"href":"https:\/\/deskmarket.dz\/en\/wp-json\/wp\/v2\/comments?post=2855"}],"wp:featuredmedia":[{"embeddable":true,"href":"https:\/\/deskmarket.dz\/en\/wp-json\/wp\/v2\/media\/2538"}],"wp:attachment":[{"href":"https:\/\/deskmarket.dz\/en\/wp-json\/wp\/v2\/media?parent=2855"}],"wp:term":[{"taxonomy":"store","embeddable":true,"href":"https:\/\/deskmarket.dz\/en\/wp-json\/wp\/v2\/store?post=2855"},{"taxonomy":"product_brand","embeddable":true,"href":"https:\/\/deskmarket.dz\/en\/wp-json\/wp\/v2\/product_brand?post=2855"},{"taxonomy":"product_cat","embeddable":true,"href":"https:\/\/deskmarket.dz\/en\/wp-json\/wp\/v2\/product_cat?post=2855"},{"taxonomy":"product_tag","embeddable":true,"href":"https:\/\/deskmarket.dz\/en\/wp-json\/wp\/v2\/product_tag?post=2855"}],"curies":[{"name":"wp","href":"https:\/\/api.w.org\/{rel}","templated":true}]}}