{"id":2870,"date":"2025-02-05T14:43:12","date_gmt":"2025-02-05T13:43:12","guid":{"rendered":"https:\/\/deskmarket.dz\/boutique\/chaise-visiteur-k02c05\/"},"modified":"2025-02-05T14:43:12","modified_gmt":"2025-02-05T13:43:12","slug":"chaise-visiteur-k02c05","status":"publish","type":"product","link":"https:\/\/deskmarket.dz\/en\/boutique\/chaise-visiteur-k02c05\/","title":{"rendered":"Chaise visiteur K02C05"},"content":{"rendered":"","protected":false},"excerpt":{"rendered":"<p>Chaise de Conf\u00e9rence Pi\u00e9tement en M\u00e9tal Chrom\u00e9 &#8211; Chaise Visiteur avec Rev\u00eatement en similicuir de Qualit\u00e9 &#8211; Chaise Confortable et Empilab, Couleur:Noir<\/p>\n","protected":false},"featured_media":2701,"comment_status":"open","ping_status":"closed","template":"","meta":{"_gspb_post_css":""},"store":[],"product_brand":[],"product_cat":[142],"product_tag":[],"class_list":{"0":"post-2870","1":"product","2":"type-product","3":"status-publish","4":"has-post-thumbnail","6":"product_cat-chaises","8":"first","9":"instock","10":"shipping-taxable","11":"purchasable","12":"product-type-simple"},"_links":{"self":[{"href":"https:\/\/deskmarket.dz\/en\/wp-json\/wp\/v2\/product\/2870","targetHints":{"allow":["GET"]}}],"collection":[{"href":"https:\/\/deskmarket.dz\/en\/wp-json\/wp\/v2\/product"}],"about":[{"href":"https:\/\/deskmarket.dz\/en\/wp-json\/wp\/v2\/types\/product"}],"replies":[{"embeddable":true,"href":"https:\/\/deskmarket.dz\/en\/wp-json\/wp\/v2\/comments?post=2870"}],"wp:featuredmedia":[{"embeddable":true,"href":"https:\/\/deskmarket.dz\/en\/wp-json\/wp\/v2\/media\/2701"}],"wp:attachment":[{"href":"https:\/\/deskmarket.dz\/en\/wp-json\/wp\/v2\/media?parent=2870"}],"wp:term":[{"taxonomy":"store","embeddable":true,"href":"https:\/\/deskmarket.dz\/en\/wp-json\/wp\/v2\/store?post=2870"},{"taxonomy":"product_brand","embeddable":true,"href":"https:\/\/deskmarket.dz\/en\/wp-json\/wp\/v2\/product_brand?post=2870"},{"taxonomy":"product_cat","embeddable":true,"href":"https:\/\/deskmarket.dz\/en\/wp-json\/wp\/v2\/product_cat?post=2870"},{"taxonomy":"product_tag","embeddable":true,"href":"https:\/\/deskmarket.dz\/en\/wp-json\/wp\/v2\/product_tag?post=2870"}],"curies":[{"name":"wp","href":"https:\/\/api.w.org\/{rel}","templated":true}]}}