{"id":2877,"date":"2025-02-05T14:43:12","date_gmt":"2025-02-05T13:43:12","guid":{"rendered":"https:\/\/deskmarket.dz\/boutique\/banquette-de-reception-3-place-8223n\/"},"modified":"2025-02-05T14:43:13","modified_gmt":"2025-02-05T13:43:13","slug":"banquette-de-reception-3-place-8223n","status":"publish","type":"product","link":"https:\/\/deskmarket.dz\/en\/boutique\/banquette-de-reception-3-place-8223n\/","title":{"rendered":"Banquette de r\u00e9ception 3 place 8223N"},"content":{"rendered":"","protected":false},"excerpt":{"rendered":"<p>Structure en aluminium robuste ( poutre, dossier, assises et 2 accoudoirs). Assise et dossier en rev\u00eatement Confortable en Cuir synth\u00e9tique . Pi\u00e9tement en chrom\u00e9 avec sabot de stabilit\u00e9<\/p>\n","protected":false},"featured_media":2498,"comment_status":"open","ping_status":"closed","template":"","meta":{"_gspb_post_css":""},"store":[],"product_brand":[],"product_cat":[142],"product_tag":[],"class_list":{"0":"post-2877","1":"product","2":"type-product","3":"status-publish","4":"has-post-thumbnail","6":"product_cat-chaises","8":"first","9":"instock","10":"shipping-taxable","11":"purchasable","12":"product-type-simple"},"_links":{"self":[{"href":"https:\/\/deskmarket.dz\/en\/wp-json\/wp\/v2\/product\/2877","targetHints":{"allow":["GET"]}}],"collection":[{"href":"https:\/\/deskmarket.dz\/en\/wp-json\/wp\/v2\/product"}],"about":[{"href":"https:\/\/deskmarket.dz\/en\/wp-json\/wp\/v2\/types\/product"}],"replies":[{"embeddable":true,"href":"https:\/\/deskmarket.dz\/en\/wp-json\/wp\/v2\/comments?post=2877"}],"wp:featuredmedia":[{"embeddable":true,"href":"https:\/\/deskmarket.dz\/en\/wp-json\/wp\/v2\/media\/2498"}],"wp:attachment":[{"href":"https:\/\/deskmarket.dz\/en\/wp-json\/wp\/v2\/media?parent=2877"}],"wp:term":[{"taxonomy":"store","embeddable":true,"href":"https:\/\/deskmarket.dz\/en\/wp-json\/wp\/v2\/store?post=2877"},{"taxonomy":"product_brand","embeddable":true,"href":"https:\/\/deskmarket.dz\/en\/wp-json\/wp\/v2\/product_brand?post=2877"},{"taxonomy":"product_cat","embeddable":true,"href":"https:\/\/deskmarket.dz\/en\/wp-json\/wp\/v2\/product_cat?post=2877"},{"taxonomy":"product_tag","embeddable":true,"href":"https:\/\/deskmarket.dz\/en\/wp-json\/wp\/v2\/product_tag?post=2877"}],"curies":[{"name":"wp","href":"https:\/\/api.w.org\/{rel}","templated":true}]}}