{"id":3876,"date":"2025-06-09T14:41:34","date_gmt":"2025-06-09T13:41:34","guid":{"rendered":"https:\/\/deskmarket.dz\/?post_type=product&#038;p=3876"},"modified":"2026-03-09T09:39:30","modified_gmt":"2026-03-09T08:39:30","slug":"imprimante-ecotank-l8050-epson","status":"publish","type":"product","link":"https:\/\/deskmarket.dz\/en\/boutique\/imprimante-ecotank-l8050-epson\/","title":{"rendered":"Imprimante EcoTank L8050 Epson"},"content":{"rendered":"<p>Volume \u00e9lev\u00e9 de photos A4 \u00e0 faible co\u00fbt Les encres incluses permettent d\u2019imprimer jusqu\u2019\u00e0 1 900 photos 10 x 15 cm de haute qualit\u00e9<br \/>\nVitesses d\u2019impression \u00e9lev\u00e9es Imprimez jusqu\u2019\u00e0 12 photos par minute.<br \/>\nR\u00e9servoir d\u2019encre frontal simple d\u2019utilisation Rechargez en encre en toute simplicit\u00e9 gr\u00e2ce aux bouteilles d\u2019encre<br \/>\nFonctionnalit\u00e9s d\u2019impression mobile et connectivit\u00e9 Wi-Fi, Wi-Fi Direct et application Epson Smart Panel<\/p>\n<div class=\"electro-description clearfix\">\n<ul>\n<li>Mode d\u2019impression : T\u00eate d\u2019impression Epson Micro Piezo\u2122<\/li>\n<li>Configuration des buses : 180 buses noir, 180 Buses par couleur<\/li>\n<li>R\u00e9solution de l\u2019impression : 5.760 x 1.440 DPI (ppp)<\/li>\n<li>Vitesse d\u2019impression : ISO\/IEC 24734 8 pages\/min Monochrome, 8 pages\/min Couleur<\/li>\n<li>Vitesse d\u2019impression 22 pages\/min Monochrome (papier ordinaire), 22 pages\/min Couleur (papier ordinaire), 12 Secondes par<\/li>\n<li>photo de 10 x 15 cm (Papier Photo Epson Premium Glac\u00e9)<\/li>\n<li>Formats de papier A4 (21.0\u00d729,7 cm), A5 (14,8\u00d721,0 cm), A6 (10,5\u00d714,8 cm), B5, C6 (Enveloppe), DL (enveloppe), N\u00b0 10 (enveloppe), Letter, Cartes en plastique<\/li>\n<li>Gestion des m\u00e9dias : Impression sans marge, Impression sur CD\/DVD<\/li>\n<\/ul>\n<\/div>\n","protected":false},"excerpt":{"rendered":"<p>Rapide et dot\u00e9e de nombreuses fonctionnalit\u00e9s, cette imprimante jet d\u2019encre photo A4 6 couleurs permet d\u2019imprimer facilement de grands volumes de haute qualit\u00e9 pour un faible co\u00fbt par impression.<\/p>\n","protected":false},"featured_media":3881,"comment_status":"open","ping_status":"closed","template":"","meta":{"_gspb_post_css":""},"store":[],"product_brand":[155],"product_cat":[138],"product_tag":[],"class_list":{"0":"post-3876","1":"product","2":"type-product","3":"status-publish","4":"has-post-thumbnail","6":"product_brand-epson","7":"product_cat-imprimantes","8":"product_shipping_class-confidentielle","10":"first","11":"outofstock","12":"shipping-taxable","13":"product-type-simple"},"_links":{"self":[{"href":"https:\/\/deskmarket.dz\/en\/wp-json\/wp\/v2\/product\/3876","targetHints":{"allow":["GET"]}}],"collection":[{"href":"https:\/\/deskmarket.dz\/en\/wp-json\/wp\/v2\/product"}],"about":[{"href":"https:\/\/deskmarket.dz\/en\/wp-json\/wp\/v2\/types\/product"}],"replies":[{"embeddable":true,"href":"https:\/\/deskmarket.dz\/en\/wp-json\/wp\/v2\/comments?post=3876"}],"wp:featuredmedia":[{"embeddable":true,"href":"https:\/\/deskmarket.dz\/en\/wp-json\/wp\/v2\/media\/3881"}],"wp:attachment":[{"href":"https:\/\/deskmarket.dz\/en\/wp-json\/wp\/v2\/media?parent=3876"}],"wp:term":[{"taxonomy":"store","embeddable":true,"href":"https:\/\/deskmarket.dz\/en\/wp-json\/wp\/v2\/store?post=3876"},{"taxonomy":"product_brand","embeddable":true,"href":"https:\/\/deskmarket.dz\/en\/wp-json\/wp\/v2\/product_brand?post=3876"},{"taxonomy":"product_cat","embeddable":true,"href":"https:\/\/deskmarket.dz\/en\/wp-json\/wp\/v2\/product_cat?post=3876"},{"taxonomy":"product_tag","embeddable":true,"href":"https:\/\/deskmarket.dz\/en\/wp-json\/wp\/v2\/product_tag?post=3876"}],"curies":[{"name":"wp","href":"https:\/\/api.w.org\/{rel}","templated":true}]}}