{"id":3929,"date":"2025-06-10T14:44:17","date_gmt":"2025-06-10T13:44:17","guid":{"rendered":"https:\/\/deskmarket.dz\/?post_type=product&#038;p=3929"},"modified":"2026-03-09T09:37:39","modified_gmt":"2026-03-09T08:37:39","slug":"hp-250r-g9-i5-8go-256go-windows11-pro","status":"publish","type":"product","link":"https:\/\/deskmarket.dz\/en\/boutique\/hp-250r-g9-i5-8go-256go-windows11-pro\/","title":{"rendered":"HP 250R G10 i5 8Go 256Go WINDOWS11 Pro"},"content":{"rendered":"<h1 class=\"a-size-base-plus a-text-bold\">\u00c0 propos de cet article<\/h1>\n<ul class=\"a-unordered-list a-vertical a-spacing-mini\">\n<li class=\"a-spacing-mini\"><span class=\"a-list-item\"> Processeur : Intel Core i3-1315U (jusqu&#8217;\u00e0 4,5 GHz avec technologie Intel Turbo Boost, 10 Mo de cache L3, 6 c\u0153urs, 8 threads) | M\u00e9moire : 08 Go de RAM DDR4-3200 MHz | Stockage : SSD PCIe NVMe 512 Go (extensible jusqu&#8217;\u00e0 1 To)+1T HDD .<\/span><\/li>\n<li class=\"a-spacing-mini\"><span class=\"a-list-item\"> Affichage et graphiques : diagonale de 39,62 cm (15,6 pouces), FHD (1366 x 768), lunette \u00e9troite, anti-reflet, 250 nits, 45 % NTSC | Graphiques: Intel UHD Graphics <\/span><\/li>\n<li class=\"a-spacing-mini\"><span class=\"a-list-item\"> Ports : 1 taux de signalisation USB Type-C 10 Gbit\/s (alimentation USB, DisplayPort 1.4) ; 2 taux de signalisation USB Type-A 5 Gbit\/s ; 1 alimentation CA ; 1 HDMI 1.4b ; 1 prise combo casque\/microphone st\u00e9r\u00e9o ; 1 RJ-45 <\/span><\/li>\n<li class=\"a-spacing-mini\"><span class=\"a-list-item\"> Autres caract\u00e9ristiques : cam\u00e9ra HD 720p | Audio : haut-parleurs st\u00e9r\u00e9o, microphone num\u00e9rique int\u00e9gr\u00e9 | R\u00e9seau : Realtek Wi-Fi 6 RTL8852BE (2&#215;2) et carte sans fil Bluetooth 5.3 <\/span><\/li>\n<li class=\"a-spacing-mini\"><span class=\"a-list-item\"> Autres caract\u00e9ristiques : cadre \u00e9troit ; clavier pleine taille avec pav\u00e9 num\u00e9rique | Batterie : HP Long Life 3 cellules, 41 Wh Li-ion <\/span><\/li>\n<li class=\"a-spacing-mini\"><span class=\"a-list-item\"> Syst\u00e8me d&#8217;exploitation : Windows 11 Home avec validit\u00e9 \u00e0 vie .<\/span><\/li>\n<\/ul>\n","protected":false},"excerpt":{"rendered":"<p>Ordinateur portable HP 250R G9 (2024), Intel Core i3 13e g\u00e9n\u00e9ration 1315U \u2013 (SSD 16 Go\/512 Go\/Carte graphique Intel UHD\/Windows 11 Home) Ordinateur portable professionnel fin et l\u00e9ger\/15,6&#8243; (39,62 cm)\/Gris cendr\u00e9\/1,57 kg.<\/p>\n","protected":false},"featured_media":3930,"comment_status":"open","ping_status":"closed","template":"","meta":{"_gspb_post_css":""},"store":[],"product_brand":[157],"product_cat":[141],"product_tag":[],"class_list":{"0":"post-3929","1":"product","2":"type-product","3":"status-publish","4":"has-post-thumbnail","6":"product_brand-hp","7":"product_cat-laptops-pc","8":"product_shipping_class-confidentielle","10":"first","11":"instock","12":"shipping-taxable","13":"purchasable","14":"product-type-simple"},"_links":{"self":[{"href":"https:\/\/deskmarket.dz\/en\/wp-json\/wp\/v2\/product\/3929","targetHints":{"allow":["GET"]}}],"collection":[{"href":"https:\/\/deskmarket.dz\/en\/wp-json\/wp\/v2\/product"}],"about":[{"href":"https:\/\/deskmarket.dz\/en\/wp-json\/wp\/v2\/types\/product"}],"replies":[{"embeddable":true,"href":"https:\/\/deskmarket.dz\/en\/wp-json\/wp\/v2\/comments?post=3929"}],"wp:featuredmedia":[{"embeddable":true,"href":"https:\/\/deskmarket.dz\/en\/wp-json\/wp\/v2\/media\/3930"}],"wp:attachment":[{"href":"https:\/\/deskmarket.dz\/en\/wp-json\/wp\/v2\/media?parent=3929"}],"wp:term":[{"taxonomy":"store","embeddable":true,"href":"https:\/\/deskmarket.dz\/en\/wp-json\/wp\/v2\/store?post=3929"},{"taxonomy":"product_brand","embeddable":true,"href":"https:\/\/deskmarket.dz\/en\/wp-json\/wp\/v2\/product_brand?post=3929"},{"taxonomy":"product_cat","embeddable":true,"href":"https:\/\/deskmarket.dz\/en\/wp-json\/wp\/v2\/product_cat?post=3929"},{"taxonomy":"product_tag","embeddable":true,"href":"https:\/\/deskmarket.dz\/en\/wp-json\/wp\/v2\/product_tag?post=3929"}],"curies":[{"name":"wp","href":"https:\/\/api.w.org\/{rel}","templated":true}]}}